{"id":3696429,"date":"2025-10-13T14:08:56","date_gmt":"2025-10-13T18:08:56","guid":{"rendered":"https:\/\/stoic-curie.212-227-153-4.plesk.page\/product\/boia-majoni-wb-a2-branca-350mm\/"},"modified":"2026-02-25T00:27:56","modified_gmt":"2026-02-25T00:27:56","slug":"boia-majoni-wb-a2-branca-350mm","status":"publish","type":"product","link":"https:\/\/stoic-curie.212-227-153-4.plesk.page\/pt\/product\/boia-majoni-wb-a2-branca-350mm\/","title":{"rendered":"B\u00f3ia Majoni WB-A2 Branca 350mm"},"content":{"rendered":"<p>B\u00f3ia Majoni WB-A2 Branca 350mm &#8211; <\/p>\n<p>B\u00f3ias Pear de alta resist\u00eancia com olho refor\u00e7ado.<\/p>\n","protected":false},"excerpt":{"rendered":"<p>B\u00f3ia Majoni WB-A2 Branca 350mm &#8211; B\u00f3ias Pear de alta resist\u00eancia com olho refor\u00e7ado.<\/p>\n","protected":false},"featured_media":5941247,"comment_status":"closed","ping_status":"closed","template":"","meta":[],"product_brand":[3092],"product_cat":[2137],"product_tag":[],"class_list":{"0":"post-3696429","1":"product","2":"type-product","3":"status-publish","4":"has-post-thumbnail","6":"product_brand-majoni-pt","7":"product_cat-boias-de-amarracao-e-sinalizacao","9":"first","10":"instock","11":"shipping-taxable","12":"purchasable","13":"product-type-simple"},"_links":{"self":[{"href":"https:\/\/stoic-curie.212-227-153-4.plesk.page\/pt\/wp-json\/wp\/v2\/product\/3696429","targetHints":{"allow":["GET"]}}],"collection":[{"href":"https:\/\/stoic-curie.212-227-153-4.plesk.page\/pt\/wp-json\/wp\/v2\/product"}],"about":[{"href":"https:\/\/stoic-curie.212-227-153-4.plesk.page\/pt\/wp-json\/wp\/v2\/types\/product"}],"replies":[{"embeddable":true,"href":"https:\/\/stoic-curie.212-227-153-4.plesk.page\/pt\/wp-json\/wp\/v2\/comments?post=3696429"}],"version-history":[{"count":0,"href":"https:\/\/stoic-curie.212-227-153-4.plesk.page\/pt\/wp-json\/wp\/v2\/product\/3696429\/revisions"}],"wp:featuredmedia":[{"embeddable":true,"href":"https:\/\/stoic-curie.212-227-153-4.plesk.page\/pt\/wp-json\/wp\/v2\/media\/5941247"}],"wp:attachment":[{"href":"https:\/\/stoic-curie.212-227-153-4.plesk.page\/pt\/wp-json\/wp\/v2\/media?parent=3696429"}],"wp:term":[{"taxonomy":"product_brand","embeddable":true,"href":"https:\/\/stoic-curie.212-227-153-4.plesk.page\/pt\/wp-json\/wp\/v2\/product_brand?post=3696429"},{"taxonomy":"product_cat","embeddable":true,"href":"https:\/\/stoic-curie.212-227-153-4.plesk.page\/pt\/wp-json\/wp\/v2\/product_cat?post=3696429"},{"taxonomy":"product_tag","embeddable":true,"href":"https:\/\/stoic-curie.212-227-153-4.plesk.page\/pt\/wp-json\/wp\/v2\/product_tag?post=3696429"}],"curies":[{"name":"wp","href":"https:\/\/api.w.org\/{rel}","templated":true}]}}