{"id":3696438,"date":"2025-10-13T14:08:57","date_gmt":"2025-10-13T18:08:57","guid":{"rendered":"https:\/\/stoic-curie.212-227-153-4.plesk.page\/product\/escadas-de-seguranca-ocultas-31-degraus-com-porca-traseira\/"},"modified":"2026-02-25T00:27:56","modified_gmt":"2026-02-25T00:27:56","slug":"escadas-de-seguranca-ocultas-31-degraus-com-porca-traseira","status":"publish","type":"product","link":"https:\/\/stoic-curie.212-227-153-4.plesk.page\/pt\/product\/escadas-de-seguranca-ocultas-31-degraus-com-porca-traseira\/","title":{"rendered":"Escadas de Seguran\u00e7a Ocultas 3+1 Degraus com Porca Traseira"},"content":{"rendered":"<p>Escadas de Seguran\u00e7a Ocultas 3+1 Degraus com Porca Traseira &#8211; <\/p>\n<p>Estrutura de tran\u00e7a de nylon com escadas de emerg\u00eancia ocultas que possuem 3 degraus de termopol\u00edmero de alta resist\u00eancia e uma al\u00e7a. Deve ser instalada acima da linha de flutua\u00e7\u00e3o em uma carca\u00e7a embutida de termopol\u00edmero \u00e0 prova d&#8217;\u00e1gua. Muito f\u00e1cil de usar: a pessoa que cai ao mar puxa o anel de bloqueio para soltar a escada.<\/p>\n","protected":false},"excerpt":{"rendered":"<p>Escadas de Seguran\u00e7a Ocultas 3+1 Degraus com Porca Traseira &#8211; Estrutura de tran\u00e7a de nylon com escadas de emerg\u00eancia ocultas<\/p>\n","protected":false},"featured_media":5941260,"comment_status":"closed","ping_status":"closed","template":"","meta":[],"product_brand":[2862],"product_cat":[1905],"product_tag":[],"class_list":{"0":"post-3696438","1":"product","2":"type-product","3":"status-publish","4":"has-post-thumbnail","6":"product_brand-ceredi-pt","7":"product_cat-escadas","9":"first","10":"instock","11":"shipping-taxable","12":"purchasable","13":"product-type-simple"},"_links":{"self":[{"href":"https:\/\/stoic-curie.212-227-153-4.plesk.page\/pt\/wp-json\/wp\/v2\/product\/3696438","targetHints":{"allow":["GET"]}}],"collection":[{"href":"https:\/\/stoic-curie.212-227-153-4.plesk.page\/pt\/wp-json\/wp\/v2\/product"}],"about":[{"href":"https:\/\/stoic-curie.212-227-153-4.plesk.page\/pt\/wp-json\/wp\/v2\/types\/product"}],"replies":[{"embeddable":true,"href":"https:\/\/stoic-curie.212-227-153-4.plesk.page\/pt\/wp-json\/wp\/v2\/comments?post=3696438"}],"version-history":[{"count":0,"href":"https:\/\/stoic-curie.212-227-153-4.plesk.page\/pt\/wp-json\/wp\/v2\/product\/3696438\/revisions"}],"wp:featuredmedia":[{"embeddable":true,"href":"https:\/\/stoic-curie.212-227-153-4.plesk.page\/pt\/wp-json\/wp\/v2\/media\/5941260"}],"wp:attachment":[{"href":"https:\/\/stoic-curie.212-227-153-4.plesk.page\/pt\/wp-json\/wp\/v2\/media?parent=3696438"}],"wp:term":[{"taxonomy":"product_brand","embeddable":true,"href":"https:\/\/stoic-curie.212-227-153-4.plesk.page\/pt\/wp-json\/wp\/v2\/product_brand?post=3696438"},{"taxonomy":"product_cat","embeddable":true,"href":"https:\/\/stoic-curie.212-227-153-4.plesk.page\/pt\/wp-json\/wp\/v2\/product_cat?post=3696438"},{"taxonomy":"product_tag","embeddable":true,"href":"https:\/\/stoic-curie.212-227-153-4.plesk.page\/pt\/wp-json\/wp\/v2\/product_tag?post=3696438"}],"curies":[{"name":"wp","href":"https:\/\/api.w.org\/{rel}","templated":true}]}}