{"id":3696443,"date":"2025-10-13T14:08:58","date_gmt":"2025-10-13T18:08:58","guid":{"rendered":"https:\/\/stoic-curie.212-227-153-4.plesk.page\/product\/caixa-de-duche-embutida-98-x-143mm\/"},"modified":"2026-02-25T00:27:57","modified_gmt":"2026-02-25T00:27:57","slug":"caixa-de-duche-embutida-98-x-143mm","status":"publish","type":"product","link":"https:\/\/stoic-curie.212-227-153-4.plesk.page\/pt\/product\/caixa-de-duche-embutida-98-x-143mm\/","title":{"rendered":"Caixa de Duche Embutida 98 x 143mm"},"content":{"rendered":"<p>Caixa de Duche Embutida 98 x 143mm &#8211; <\/p>\n<p>Chuveiro embutido e caixa\/conteiner misturador de \u00e1gua quente\/fria feito de pl\u00e1stico UV resistente, robusto e \u00e0 prova de choques. Montagem universal vertical ou horizontal. Abertura de embutir 70 x 115 mm &#8211; Dimens\u00f5es externas 98 x 143 mm &#8211; Profundidade 73 mm. A ser complementado com misturador em T, chuveiro e flex\u00edvel.<\/p>\n","protected":false},"excerpt":{"rendered":"<p>Caixa de Duche Embutida 98 x 143mm &#8211; Chuveiro embutido e caixa\/conteiner misturador de \u00e1gua quente\/fria feito de pl\u00e1stico UV<\/p>\n","protected":false},"featured_media":5941274,"comment_status":"closed","ping_status":"closed","template":"","meta":[],"product_brand":[2857],"product_cat":[1939],"product_tag":[],"class_list":{"0":"post-3696443","1":"product","2":"type-product","3":"status-publish","4":"has-post-thumbnail","6":"product_brand-can-marine-pt","7":"product_cat-chuveiros","9":"first","10":"instock","11":"shipping-taxable","12":"purchasable","13":"product-type-simple"},"_links":{"self":[{"href":"https:\/\/stoic-curie.212-227-153-4.plesk.page\/pt\/wp-json\/wp\/v2\/product\/3696443","targetHints":{"allow":["GET"]}}],"collection":[{"href":"https:\/\/stoic-curie.212-227-153-4.plesk.page\/pt\/wp-json\/wp\/v2\/product"}],"about":[{"href":"https:\/\/stoic-curie.212-227-153-4.plesk.page\/pt\/wp-json\/wp\/v2\/types\/product"}],"replies":[{"embeddable":true,"href":"https:\/\/stoic-curie.212-227-153-4.plesk.page\/pt\/wp-json\/wp\/v2\/comments?post=3696443"}],"version-history":[{"count":0,"href":"https:\/\/stoic-curie.212-227-153-4.plesk.page\/pt\/wp-json\/wp\/v2\/product\/3696443\/revisions"}],"wp:featuredmedia":[{"embeddable":true,"href":"https:\/\/stoic-curie.212-227-153-4.plesk.page\/pt\/wp-json\/wp\/v2\/media\/5941274"}],"wp:attachment":[{"href":"https:\/\/stoic-curie.212-227-153-4.plesk.page\/pt\/wp-json\/wp\/v2\/media?parent=3696443"}],"wp:term":[{"taxonomy":"product_brand","embeddable":true,"href":"https:\/\/stoic-curie.212-227-153-4.plesk.page\/pt\/wp-json\/wp\/v2\/product_brand?post=3696443"},{"taxonomy":"product_cat","embeddable":true,"href":"https:\/\/stoic-curie.212-227-153-4.plesk.page\/pt\/wp-json\/wp\/v2\/product_cat?post=3696443"},{"taxonomy":"product_tag","embeddable":true,"href":"https:\/\/stoic-curie.212-227-153-4.plesk.page\/pt\/wp-json\/wp\/v2\/product_tag?post=3696443"}],"curies":[{"name":"wp","href":"https:\/\/api.w.org\/{rel}","templated":true}]}}