{"id":3696446,"date":"2025-10-13T14:08:59","date_gmt":"2025-10-13T18:08:59","guid":{"rendered":"https:\/\/stoic-curie.212-227-153-4.plesk.page\/product\/escotilhas-de-inspecao-redondas-brancas-250-x-180mm\/"},"modified":"2026-02-25T00:27:57","modified_gmt":"2026-02-25T00:27:57","slug":"escotilhas-de-inspecao-redondas-brancas-250-x-180mm","status":"publish","type":"product","link":"https:\/\/stoic-curie.212-227-153-4.plesk.page\/pt\/product\/escotilhas-de-inspecao-redondas-brancas-250-x-180mm\/","title":{"rendered":"Escotilhas de Inspe\u00e7\u00e3o Redondas Brancas 250 x 180mm"},"content":{"rendered":"<p>Escotilhas de Inspe\u00e7\u00e3o Redondas Brancas 250 x 180mm &#8211; <\/p>\n<p>Placa de inspe\u00e7\u00e3o de pl\u00e1stico ABS resistente aos UV e \u00e0 prova d&#8217;\u00e1gua. Fechamento f\u00e1cil com rosca e veda\u00e7\u00e3o de borracha.<\/p>\n","protected":false},"excerpt":{"rendered":"<p>Escotilhas de Inspe\u00e7\u00e3o Redondas Brancas 250 x 180mm &#8211; Placa de inspe\u00e7\u00e3o de pl\u00e1stico ABS resistente aos UV e \u00e0<\/p>\n","protected":false},"featured_media":5941278,"comment_status":"closed","ping_status":"closed","template":"","meta":[],"product_brand":[2857],"product_cat":[1971,1982],"product_tag":[],"class_list":{"0":"post-3696446","1":"product","2":"type-product","3":"status-publish","4":"has-post-thumbnail","6":"product_brand-can-marine-pt","7":"product_cat-escotilhas-de-inspecao","8":"product_cat-escotilhas-plasticas","10":"first","11":"instock","12":"shipping-taxable","13":"purchasable","14":"product-type-simple"},"_links":{"self":[{"href":"https:\/\/stoic-curie.212-227-153-4.plesk.page\/pt\/wp-json\/wp\/v2\/product\/3696446","targetHints":{"allow":["GET"]}}],"collection":[{"href":"https:\/\/stoic-curie.212-227-153-4.plesk.page\/pt\/wp-json\/wp\/v2\/product"}],"about":[{"href":"https:\/\/stoic-curie.212-227-153-4.plesk.page\/pt\/wp-json\/wp\/v2\/types\/product"}],"replies":[{"embeddable":true,"href":"https:\/\/stoic-curie.212-227-153-4.plesk.page\/pt\/wp-json\/wp\/v2\/comments?post=3696446"}],"version-history":[{"count":0,"href":"https:\/\/stoic-curie.212-227-153-4.plesk.page\/pt\/wp-json\/wp\/v2\/product\/3696446\/revisions"}],"wp:featuredmedia":[{"embeddable":true,"href":"https:\/\/stoic-curie.212-227-153-4.plesk.page\/pt\/wp-json\/wp\/v2\/media\/5941278"}],"wp:attachment":[{"href":"https:\/\/stoic-curie.212-227-153-4.plesk.page\/pt\/wp-json\/wp\/v2\/media?parent=3696446"}],"wp:term":[{"taxonomy":"product_brand","embeddable":true,"href":"https:\/\/stoic-curie.212-227-153-4.plesk.page\/pt\/wp-json\/wp\/v2\/product_brand?post=3696446"},{"taxonomy":"product_cat","embeddable":true,"href":"https:\/\/stoic-curie.212-227-153-4.plesk.page\/pt\/wp-json\/wp\/v2\/product_cat?post=3696446"},{"taxonomy":"product_tag","embeddable":true,"href":"https:\/\/stoic-curie.212-227-153-4.plesk.page\/pt\/wp-json\/wp\/v2\/product_tag?post=3696446"}],"curies":[{"name":"wp","href":"https:\/\/api.w.org\/{rel}","templated":true}]}}