{"id":3696454,"date":"2025-10-13T14:09:00","date_gmt":"2025-10-13T18:09:00","guid":{"rendered":"https:\/\/stoic-curie.212-227-153-4.plesk.page\/product\/tensor-de-bimini-em-aco-inoxidavel\/"},"modified":"2026-02-25T00:27:57","modified_gmt":"2026-02-25T00:27:57","slug":"tensor-de-bimini-em-aco-inoxidavel","status":"publish","type":"product","link":"https:\/\/stoic-curie.212-227-153-4.plesk.page\/pt\/product\/tensor-de-bimini-em-aco-inoxidavel\/","title":{"rendered":"Tensor de Bimini em A\u00e7o Inoxid\u00e1vel"},"content":{"rendered":"<p>Tensor de Bimini em A\u00e7o Inoxid\u00e1vel &#8211; <\/p>\n<p>Placa de a\u00e7o inoxid\u00e1vel para fios de bimini.<\/p>\n","protected":false},"excerpt":{"rendered":"<p>Tensor de Bimini em A\u00e7o Inoxid\u00e1vel &#8211; Placa de a\u00e7o inoxid\u00e1vel para fios de bimini.<\/p>\n","protected":false},"featured_media":5941291,"comment_status":"closed","ping_status":"closed","template":"","meta":[],"product_brand":[3482],"product_cat":[1990,1976],"product_tag":[],"class_list":{"0":"post-3696454","1":"product","2":"type-product","3":"status-publish","4":"has-post-thumbnail","6":"product_brand-tessilmare-pt","7":"product_cat-pecas-para-coberturas-e-bimini","8":"product_cat-toldos-bimini-hardware-nautico","10":"first","11":"instock","12":"shipping-taxable","13":"purchasable","14":"product-type-simple"},"_links":{"self":[{"href":"https:\/\/stoic-curie.212-227-153-4.plesk.page\/pt\/wp-json\/wp\/v2\/product\/3696454","targetHints":{"allow":["GET"]}}],"collection":[{"href":"https:\/\/stoic-curie.212-227-153-4.plesk.page\/pt\/wp-json\/wp\/v2\/product"}],"about":[{"href":"https:\/\/stoic-curie.212-227-153-4.plesk.page\/pt\/wp-json\/wp\/v2\/types\/product"}],"replies":[{"embeddable":true,"href":"https:\/\/stoic-curie.212-227-153-4.plesk.page\/pt\/wp-json\/wp\/v2\/comments?post=3696454"}],"version-history":[{"count":0,"href":"https:\/\/stoic-curie.212-227-153-4.plesk.page\/pt\/wp-json\/wp\/v2\/product\/3696454\/revisions"}],"wp:featuredmedia":[{"embeddable":true,"href":"https:\/\/stoic-curie.212-227-153-4.plesk.page\/pt\/wp-json\/wp\/v2\/media\/5941291"}],"wp:attachment":[{"href":"https:\/\/stoic-curie.212-227-153-4.plesk.page\/pt\/wp-json\/wp\/v2\/media?parent=3696454"}],"wp:term":[{"taxonomy":"product_brand","embeddable":true,"href":"https:\/\/stoic-curie.212-227-153-4.plesk.page\/pt\/wp-json\/wp\/v2\/product_brand?post=3696454"},{"taxonomy":"product_cat","embeddable":true,"href":"https:\/\/stoic-curie.212-227-153-4.plesk.page\/pt\/wp-json\/wp\/v2\/product_cat?post=3696454"},{"taxonomy":"product_tag","embeddable":true,"href":"https:\/\/stoic-curie.212-227-153-4.plesk.page\/pt\/wp-json\/wp\/v2\/product_tag?post=3696454"}],"curies":[{"name":"wp","href":"https:\/\/api.w.org\/{rel}","templated":true}]}}