{"id":3696463,"date":"2025-10-13T14:09:01","date_gmt":"2025-10-13T18:09:01","guid":{"rendered":"https:\/\/stoic-curie.212-227-153-4.plesk.page\/product\/anodos-de-colar-em-aluminio-martyr-50-mm\/"},"modified":"2026-02-25T00:27:57","modified_gmt":"2026-02-25T00:27:57","slug":"anodos-de-colar-em-aluminio-martyr-50-mm","status":"publish","type":"product","link":"https:\/\/stoic-curie.212-227-153-4.plesk.page\/pt\/product\/anodos-de-colar-em-aluminio-martyr-50-mm\/","title":{"rendered":"\u00c2nodos de Colar em Alum\u00ednio Martyr 50 mm"},"content":{"rendered":"<p>\u00c2nodos de Colar em Alum\u00ednio Martyr 50 mm &#8211; <\/p>\n<p>Anodos de colle de eixo m\u00e9trico em alum\u00ednio M2 da Martyr.<br \/>\u2022 Protege por 50% mais tempo do que os \u00e2nodos de zinco tradicionais<br \/>\u2022 Pesa 50% menos que os \u00e2nodos de zinco tradicionais<\/p>\n","protected":false},"excerpt":{"rendered":"<p>\u00c2nodos de Colar em Alum\u00ednio Martyr 50 mm &#8211; Anodos de colle de eixo m\u00e9trico em alum\u00ednio M2 da Martyr.\u2022<\/p>\n","protected":false},"featured_media":5937541,"comment_status":"closed","ping_status":"closed","template":"","meta":[],"product_brand":[3127],"product_cat":[1926],"product_tag":[],"class_list":{"0":"post-3696463","1":"product","2":"type-product","3":"status-publish","4":"has-post-thumbnail","6":"product_brand-martyr-pt","7":"product_cat-anodos-de-veio","9":"first","10":"instock","11":"shipping-taxable","12":"purchasable","13":"product-type-simple"},"_links":{"self":[{"href":"https:\/\/stoic-curie.212-227-153-4.plesk.page\/pt\/wp-json\/wp\/v2\/product\/3696463","targetHints":{"allow":["GET"]}}],"collection":[{"href":"https:\/\/stoic-curie.212-227-153-4.plesk.page\/pt\/wp-json\/wp\/v2\/product"}],"about":[{"href":"https:\/\/stoic-curie.212-227-153-4.plesk.page\/pt\/wp-json\/wp\/v2\/types\/product"}],"replies":[{"embeddable":true,"href":"https:\/\/stoic-curie.212-227-153-4.plesk.page\/pt\/wp-json\/wp\/v2\/comments?post=3696463"}],"version-history":[{"count":0,"href":"https:\/\/stoic-curie.212-227-153-4.plesk.page\/pt\/wp-json\/wp\/v2\/product\/3696463\/revisions"}],"wp:featuredmedia":[{"embeddable":true,"href":"https:\/\/stoic-curie.212-227-153-4.plesk.page\/pt\/wp-json\/wp\/v2\/media\/5937541"}],"wp:attachment":[{"href":"https:\/\/stoic-curie.212-227-153-4.plesk.page\/pt\/wp-json\/wp\/v2\/media?parent=3696463"}],"wp:term":[{"taxonomy":"product_brand","embeddable":true,"href":"https:\/\/stoic-curie.212-227-153-4.plesk.page\/pt\/wp-json\/wp\/v2\/product_brand?post=3696463"},{"taxonomy":"product_cat","embeddable":true,"href":"https:\/\/stoic-curie.212-227-153-4.plesk.page\/pt\/wp-json\/wp\/v2\/product_cat?post=3696463"},{"taxonomy":"product_tag","embeddable":true,"href":"https:\/\/stoic-curie.212-227-153-4.plesk.page\/pt\/wp-json\/wp\/v2\/product_tag?post=3696463"}],"curies":[{"name":"wp","href":"https:\/\/api.w.org\/{rel}","templated":true}]}}