{"id":3696466,"date":"2025-10-13T14:09:02","date_gmt":"2025-10-13T18:09:02","guid":{"rendered":"https:\/\/stoic-curie.212-227-153-4.plesk.page\/product\/anodo-de-aluminio-martyr-mercruiser-821631-q1\/"},"modified":"2026-02-25T00:27:57","modified_gmt":"2026-02-25T00:27:57","slug":"anodo-de-aluminio-martyr-mercruiser-821631-q1","status":"publish","type":"product","link":"https:\/\/stoic-curie.212-227-153-4.plesk.page\/pt\/product\/anodo-de-aluminio-martyr-mercruiser-821631-q1\/","title":{"rendered":"\u00c2nodo de Alum\u00ednio Martyr &#8211; Mercruiser 821631 Q1"},"content":{"rendered":"<p>\u00c2nodo de Alum\u00ednio Martyr &#8211; Mercruiser 821631 Q1 &#8211; <\/p>\n<p>Anodos de alum\u00ednio M2 Martyr para motores de h\u00e9lice Mercruiser.<br \/>\u2022 Protege 50% mais tempo do que anodos de zinco tradicionais.<br \/>\u2022 Pesa 50% menos do que anodos de zinco tradicionais.<\/p>\n","protected":false},"excerpt":{"rendered":"<p>\u00c2nodo de Alum\u00ednio Martyr &#8211; Mercruiser 821631 Q1 &#8211; Anodos de alum\u00ednio M2 Martyr para motores de h\u00e9lice Mercruiser.\u2022 Protege<\/p>\n","protected":false},"featured_media":5941295,"comment_status":"closed","ping_status":"closed","template":"","meta":[],"product_brand":[3127],"product_cat":[2117],"product_tag":[],"class_list":{"0":"post-3696466","1":"product","2":"type-product","3":"status-publish","4":"has-post-thumbnail","6":"product_brand-martyr-pt","7":"product_cat-pecas-para-motores-mercruiser","9":"first","10":"instock","11":"shipping-taxable","12":"purchasable","13":"product-type-simple"},"_links":{"self":[{"href":"https:\/\/stoic-curie.212-227-153-4.plesk.page\/pt\/wp-json\/wp\/v2\/product\/3696466","targetHints":{"allow":["GET"]}}],"collection":[{"href":"https:\/\/stoic-curie.212-227-153-4.plesk.page\/pt\/wp-json\/wp\/v2\/product"}],"about":[{"href":"https:\/\/stoic-curie.212-227-153-4.plesk.page\/pt\/wp-json\/wp\/v2\/types\/product"}],"replies":[{"embeddable":true,"href":"https:\/\/stoic-curie.212-227-153-4.plesk.page\/pt\/wp-json\/wp\/v2\/comments?post=3696466"}],"version-history":[{"count":0,"href":"https:\/\/stoic-curie.212-227-153-4.plesk.page\/pt\/wp-json\/wp\/v2\/product\/3696466\/revisions"}],"wp:featuredmedia":[{"embeddable":true,"href":"https:\/\/stoic-curie.212-227-153-4.plesk.page\/pt\/wp-json\/wp\/v2\/media\/5941295"}],"wp:attachment":[{"href":"https:\/\/stoic-curie.212-227-153-4.plesk.page\/pt\/wp-json\/wp\/v2\/media?parent=3696466"}],"wp:term":[{"taxonomy":"product_brand","embeddable":true,"href":"https:\/\/stoic-curie.212-227-153-4.plesk.page\/pt\/wp-json\/wp\/v2\/product_brand?post=3696466"},{"taxonomy":"product_cat","embeddable":true,"href":"https:\/\/stoic-curie.212-227-153-4.plesk.page\/pt\/wp-json\/wp\/v2\/product_cat?post=3696466"},{"taxonomy":"product_tag","embeddable":true,"href":"https:\/\/stoic-curie.212-227-153-4.plesk.page\/pt\/wp-json\/wp\/v2\/product_tag?post=3696466"}],"curies":[{"name":"wp","href":"https:\/\/api.w.org\/{rel}","templated":true}]}}