{"id":3696467,"date":"2025-10-13T14:09:02","date_gmt":"2025-10-13T18:09:02","guid":{"rendered":"https:\/\/stoic-curie.212-227-153-4.plesk.page\/product\/anodo-de-aluminio-suzuki-41811-98500-000\/"},"modified":"2026-02-25T00:27:57","modified_gmt":"2026-02-25T00:27:57","slug":"anodo-de-aluminio-suzuki-41811-98500-000","status":"publish","type":"product","link":"https:\/\/stoic-curie.212-227-153-4.plesk.page\/pt\/product\/anodo-de-aluminio-suzuki-41811-98500-000\/","title":{"rendered":"\u00c2nodo de Alum\u00ednio Suzuki 41811-98500-000"},"content":{"rendered":"<p>\u00c2nodo de Alum\u00ednio Suzuki 41811-98500-000 &#8211; <\/p>\n<p>Anodos de liga de alum\u00ednio M2 Martyr para motores fora de borda Suzuki.<br \/>\u2022 Protege 50% mais do que \u00e2nodos de zinco tradicionais<br \/>\u2022 Pesa 50% menos do que \u00e2nodos de zinco tradicionais<\/p>\n","protected":false},"excerpt":{"rendered":"<p>\u00c2nodo de Alum\u00ednio Suzuki 41811-98500-000 &#8211; Anodos de liga de alum\u00ednio M2 Martyr para motores fora de borda Suzuki.\u2022 Protege<\/p>\n","protected":false},"featured_media":5941316,"comment_status":"closed","ping_status":"closed","template":"","meta":[],"product_brand":[3127],"product_cat":[2119],"product_tag":[],"class_list":{"0":"post-3696467","1":"product","2":"type-product","3":"status-publish","4":"has-post-thumbnail","6":"product_brand-martyr-pt","7":"product_cat-pecas-para-motores-fora-de-borda-suzuki","9":"first","10":"instock","11":"shipping-taxable","12":"purchasable","13":"product-type-simple"},"_links":{"self":[{"href":"https:\/\/stoic-curie.212-227-153-4.plesk.page\/pt\/wp-json\/wp\/v2\/product\/3696467","targetHints":{"allow":["GET"]}}],"collection":[{"href":"https:\/\/stoic-curie.212-227-153-4.plesk.page\/pt\/wp-json\/wp\/v2\/product"}],"about":[{"href":"https:\/\/stoic-curie.212-227-153-4.plesk.page\/pt\/wp-json\/wp\/v2\/types\/product"}],"replies":[{"embeddable":true,"href":"https:\/\/stoic-curie.212-227-153-4.plesk.page\/pt\/wp-json\/wp\/v2\/comments?post=3696467"}],"version-history":[{"count":0,"href":"https:\/\/stoic-curie.212-227-153-4.plesk.page\/pt\/wp-json\/wp\/v2\/product\/3696467\/revisions"}],"wp:featuredmedia":[{"embeddable":true,"href":"https:\/\/stoic-curie.212-227-153-4.plesk.page\/pt\/wp-json\/wp\/v2\/media\/5941316"}],"wp:attachment":[{"href":"https:\/\/stoic-curie.212-227-153-4.plesk.page\/pt\/wp-json\/wp\/v2\/media?parent=3696467"}],"wp:term":[{"taxonomy":"product_brand","embeddable":true,"href":"https:\/\/stoic-curie.212-227-153-4.plesk.page\/pt\/wp-json\/wp\/v2\/product_brand?post=3696467"},{"taxonomy":"product_cat","embeddable":true,"href":"https:\/\/stoic-curie.212-227-153-4.plesk.page\/pt\/wp-json\/wp\/v2\/product_cat?post=3696467"},{"taxonomy":"product_tag","embeddable":true,"href":"https:\/\/stoic-curie.212-227-153-4.plesk.page\/pt\/wp-json\/wp\/v2\/product_tag?post=3696467"}],"curies":[{"name":"wp","href":"https:\/\/api.w.org\/{rel}","templated":true}]}}