{"id":3696470,"date":"2025-10-13T14:09:02","date_gmt":"2025-10-13T18:09:02","guid":{"rendered":"https:\/\/stoic-curie.212-227-153-4.plesk.page\/product\/mcgard-antirroubo-para-johnson-evinrude\/"},"modified":"2026-02-25T00:27:57","modified_gmt":"2026-02-25T00:27:57","slug":"mcgard-antirroubo-para-johnson-evinrude","status":"publish","type":"product","link":"https:\/\/stoic-curie.212-227-153-4.plesk.page\/pt\/product\/mcgard-antirroubo-para-johnson-evinrude\/","title":{"rendered":"MCGard Antirroubo para Johnson-Evinrude"},"content":{"rendered":"<p>MCGard Antirroubo para Johnson-Evinrude &#8211; <\/p>\n<p>Sistema de prote\u00e7\u00e3o antirroubo extremamente resistente, simples de usar e seguro para unidade fora de borda, transom drive ou h\u00e9lice. Basta substituir uma das porcas de montagem por uma porca\/colar de bloqueio McGard. O colar girat\u00f3rio livremente gira livremente sobre si mesmo, tornando a desmontagem imposs\u00edvel. Apenas com a chave McGard inclu\u00edda no pacote ser\u00e1 poss\u00edvel desenrosquear o dispositivo de prote\u00e7\u00e3o contra roubo.<\/p>\n","protected":false},"excerpt":{"rendered":"<p>MCGard Antirroubo para Johnson-Evinrude &#8211; Sistema de prote\u00e7\u00e3o antirroubo extremamente resistente, simples de usar e seguro para unidade fora de<\/p>\n","protected":false},"featured_media":5941340,"comment_status":"closed","ping_status":"closed","template":"","meta":[],"product_brand":[3152],"product_cat":[2114],"product_tag":[],"class_list":{"0":"post-3696470","1":"product","2":"type-product","3":"status-publish","4":"has-post-thumbnail","6":"product_brand-mcgard-marine-pt","7":"product_cat-acessorios-para-motores-fora-de-bordo","9":"first","10":"instock","11":"shipping-taxable","12":"purchasable","13":"product-type-simple"},"_links":{"self":[{"href":"https:\/\/stoic-curie.212-227-153-4.plesk.page\/pt\/wp-json\/wp\/v2\/product\/3696470","targetHints":{"allow":["GET"]}}],"collection":[{"href":"https:\/\/stoic-curie.212-227-153-4.plesk.page\/pt\/wp-json\/wp\/v2\/product"}],"about":[{"href":"https:\/\/stoic-curie.212-227-153-4.plesk.page\/pt\/wp-json\/wp\/v2\/types\/product"}],"replies":[{"embeddable":true,"href":"https:\/\/stoic-curie.212-227-153-4.plesk.page\/pt\/wp-json\/wp\/v2\/comments?post=3696470"}],"version-history":[{"count":0,"href":"https:\/\/stoic-curie.212-227-153-4.plesk.page\/pt\/wp-json\/wp\/v2\/product\/3696470\/revisions"}],"wp:featuredmedia":[{"embeddable":true,"href":"https:\/\/stoic-curie.212-227-153-4.plesk.page\/pt\/wp-json\/wp\/v2\/media\/5941340"}],"wp:attachment":[{"href":"https:\/\/stoic-curie.212-227-153-4.plesk.page\/pt\/wp-json\/wp\/v2\/media?parent=3696470"}],"wp:term":[{"taxonomy":"product_brand","embeddable":true,"href":"https:\/\/stoic-curie.212-227-153-4.plesk.page\/pt\/wp-json\/wp\/v2\/product_brand?post=3696470"},{"taxonomy":"product_cat","embeddable":true,"href":"https:\/\/stoic-curie.212-227-153-4.plesk.page\/pt\/wp-json\/wp\/v2\/product_cat?post=3696470"},{"taxonomy":"product_tag","embeddable":true,"href":"https:\/\/stoic-curie.212-227-153-4.plesk.page\/pt\/wp-json\/wp\/v2\/product_tag?post=3696470"}],"curies":[{"name":"wp","href":"https:\/\/api.w.org\/{rel}","templated":true}]}}