{"id":3696472,"date":"2025-10-13T14:09:03","date_gmt":"2025-10-13T18:09:03","guid":{"rendered":"https:\/\/stoic-curie.212-227-153-4.plesk.page\/product\/mcgard-antirroubo-para-suzuki-tohatsu-johnson\/"},"modified":"2026-02-25T00:27:57","modified_gmt":"2026-02-25T00:27:57","slug":"mcgard-antirroubo-para-suzuki-tohatsu-johnson","status":"publish","type":"product","link":"https:\/\/stoic-curie.212-227-153-4.plesk.page\/pt\/product\/mcgard-antirroubo-para-suzuki-tohatsu-johnson\/","title":{"rendered":"MCGard Antirroubo para Suzuki &#8211; Tohatsu &#8211; Johnson"},"content":{"rendered":"<p>MCGard Antirroubo para Suzuki &#8211; Tohatsu &#8211; Johnson &#8211; <\/p>\n<p>Sistema de prote\u00e7\u00e3o contra roubo extremamente resistente, simples de usar e seguro para unidades fora de borda, motor de eixo ou h\u00e9lice. Basta substituir uma das porcas de montagem por uma porca\/cola de bloqueio McGard. A gola girat\u00f3ria livremente gira livremente sobre si mesma, impossibilitando a desmontagem. Apenas com a chave McGard inclu\u00edda no pacote ser\u00e1 poss\u00edvel soltar o dispositivo de prote\u00e7\u00e3o contra roubo.<\/p>\n","protected":false},"excerpt":{"rendered":"<p>MCGard Antirroubo para Suzuki &#8211; Tohatsu &#8211; Johnson &#8211; Sistema de prote\u00e7\u00e3o contra roubo extremamente resistente, simples de usar e<\/p>\n","protected":false},"featured_media":5941340,"comment_status":"closed","ping_status":"closed","template":"","meta":[],"product_brand":[3152],"product_cat":[2114],"product_tag":[],"class_list":{"0":"post-3696472","1":"product","2":"type-product","3":"status-publish","4":"has-post-thumbnail","6":"product_brand-mcgard-marine-pt","7":"product_cat-acessorios-para-motores-fora-de-bordo","9":"first","10":"instock","11":"shipping-taxable","12":"purchasable","13":"product-type-simple"},"_links":{"self":[{"href":"https:\/\/stoic-curie.212-227-153-4.plesk.page\/pt\/wp-json\/wp\/v2\/product\/3696472","targetHints":{"allow":["GET"]}}],"collection":[{"href":"https:\/\/stoic-curie.212-227-153-4.plesk.page\/pt\/wp-json\/wp\/v2\/product"}],"about":[{"href":"https:\/\/stoic-curie.212-227-153-4.plesk.page\/pt\/wp-json\/wp\/v2\/types\/product"}],"replies":[{"embeddable":true,"href":"https:\/\/stoic-curie.212-227-153-4.plesk.page\/pt\/wp-json\/wp\/v2\/comments?post=3696472"}],"version-history":[{"count":0,"href":"https:\/\/stoic-curie.212-227-153-4.plesk.page\/pt\/wp-json\/wp\/v2\/product\/3696472\/revisions"}],"wp:featuredmedia":[{"embeddable":true,"href":"https:\/\/stoic-curie.212-227-153-4.plesk.page\/pt\/wp-json\/wp\/v2\/media\/5941340"}],"wp:attachment":[{"href":"https:\/\/stoic-curie.212-227-153-4.plesk.page\/pt\/wp-json\/wp\/v2\/media?parent=3696472"}],"wp:term":[{"taxonomy":"product_brand","embeddable":true,"href":"https:\/\/stoic-curie.212-227-153-4.plesk.page\/pt\/wp-json\/wp\/v2\/product_brand?post=3696472"},{"taxonomy":"product_cat","embeddable":true,"href":"https:\/\/stoic-curie.212-227-153-4.plesk.page\/pt\/wp-json\/wp\/v2\/product_cat?post=3696472"},{"taxonomy":"product_tag","embeddable":true,"href":"https:\/\/stoic-curie.212-227-153-4.plesk.page\/pt\/wp-json\/wp\/v2\/product_tag?post=3696472"}],"curies":[{"name":"wp","href":"https:\/\/api.w.org\/{rel}","templated":true}]}}