{"id":3696473,"date":"2025-10-13T14:09:03","date_gmt":"2025-10-13T18:09:03","guid":{"rendered":"https:\/\/stoic-curie.212-227-153-4.plesk.page\/product\/rolo-de-corda-de-poliester-verde-de-alta-tenacidade-2mm-x-30m\/"},"modified":"2026-02-25T00:27:57","modified_gmt":"2026-02-25T00:27:57","slug":"rolo-de-corda-de-poliester-verde-de-alta-tenacidade-2mm-x-30m","status":"publish","type":"product","link":"https:\/\/stoic-curie.212-227-153-4.plesk.page\/pt\/product\/rolo-de-corda-de-poliester-verde-de-alta-tenacidade-2mm-x-30m\/","title":{"rendered":"Rolo de Corda de Poli\u00e9ster Verde de Alta Tenacidade 2mm x 30m"},"content":{"rendered":"<p>Rolo de Corda de Poli\u00e9ster Verde de Alta Tenacidade 2mm x 30m &#8211; <\/p>\n<p>Mini-roletes de poli\u00e9ster multicoloridos. Para ser usados como mini-folhas, cord\u00f5es, amarra\u00e7\u00f5es e outros fins.<\/p>\n","protected":false},"excerpt":{"rendered":"<p>Rolo de Corda de Poli\u00e9ster Verde de Alta Tenacidade 2mm x 30m &#8211; Mini-roletes de poli\u00e9ster multicoloridos. Para ser usados<\/p>\n","protected":false},"featured_media":5939648,"comment_status":"closed","ping_status":"closed","template":"","meta":[],"product_brand":[3237],"product_cat":[2055],"product_tag":[],"class_list":{"0":"post-3696473","1":"product","2":"type-product","3":"status-publish","4":"has-post-thumbnail","6":"product_brand-osculati-pt","7":"product_cat-escotas-e-adricas","9":"first","10":"instock","11":"shipping-taxable","12":"purchasable","13":"product-type-simple"},"_links":{"self":[{"href":"https:\/\/stoic-curie.212-227-153-4.plesk.page\/pt\/wp-json\/wp\/v2\/product\/3696473","targetHints":{"allow":["GET"]}}],"collection":[{"href":"https:\/\/stoic-curie.212-227-153-4.plesk.page\/pt\/wp-json\/wp\/v2\/product"}],"about":[{"href":"https:\/\/stoic-curie.212-227-153-4.plesk.page\/pt\/wp-json\/wp\/v2\/types\/product"}],"replies":[{"embeddable":true,"href":"https:\/\/stoic-curie.212-227-153-4.plesk.page\/pt\/wp-json\/wp\/v2\/comments?post=3696473"}],"version-history":[{"count":0,"href":"https:\/\/stoic-curie.212-227-153-4.plesk.page\/pt\/wp-json\/wp\/v2\/product\/3696473\/revisions"}],"wp:featuredmedia":[{"embeddable":true,"href":"https:\/\/stoic-curie.212-227-153-4.plesk.page\/pt\/wp-json\/wp\/v2\/media\/5939648"}],"wp:attachment":[{"href":"https:\/\/stoic-curie.212-227-153-4.plesk.page\/pt\/wp-json\/wp\/v2\/media?parent=3696473"}],"wp:term":[{"taxonomy":"product_brand","embeddable":true,"href":"https:\/\/stoic-curie.212-227-153-4.plesk.page\/pt\/wp-json\/wp\/v2\/product_brand?post=3696473"},{"taxonomy":"product_cat","embeddable":true,"href":"https:\/\/stoic-curie.212-227-153-4.plesk.page\/pt\/wp-json\/wp\/v2\/product_cat?post=3696473"},{"taxonomy":"product_tag","embeddable":true,"href":"https:\/\/stoic-curie.212-227-153-4.plesk.page\/pt\/wp-json\/wp\/v2\/product_tag?post=3696473"}],"curies":[{"name":"wp","href":"https:\/\/api.w.org\/{rel}","templated":true}]}}