{"id":3696476,"date":"2025-10-13T14:09:04","date_gmt":"2025-10-13T18:09:04","guid":{"rendered":"https:\/\/stoic-curie.212-227-153-4.plesk.page\/product\/filtro-de-reserva-griffin-10-micron-para-griffin-gtb341-e-racor-900\/"},"modified":"2026-02-25T00:27:57","modified_gmt":"2026-02-25T00:27:57","slug":"filtro-de-reserva-griffin-10-micron-para-griffin-gtb341-e-racor-900","status":"publish","type":"product","link":"https:\/\/stoic-curie.212-227-153-4.plesk.page\/pt\/product\/filtro-de-reserva-griffin-10-micron-para-griffin-gtb341-e-racor-900\/","title":{"rendered":"Filtro de Reserva Griffin 10 Micron para Griffin GTB341 e Racor 900"},"content":{"rendered":"<p>Filtro de Reserva Griffin 10 Micron para Griffin GTB341 e Racor 900 &#8211; <\/p>\n<p>Filtros de turbina Racor e Griffin genu\u00ednos, cartuchos de reposi\u00e7\u00e3o intercambi\u00e1veis com tecnologia MICROBLOC.<\/p>\n","protected":false},"excerpt":{"rendered":"<p>Filtro de Reserva Griffin 10 Micron para Griffin GTB341 e Racor 900 &#8211; Filtros de turbina Racor e Griffin genu\u00ednos,<\/p>\n","protected":false},"featured_media":5941374,"comment_status":"closed","ping_status":"closed","template":"","meta":[],"product_brand":[2987],"product_cat":[2084],"product_tag":[],"class_list":{"0":"post-3696476","1":"product","2":"type-product","3":"status-publish","4":"has-post-thumbnail","6":"product_brand-griffin-pt","7":"product_cat-filtros-separadaores-de-agua-e-combustivel","9":"first","10":"instock","11":"shipping-taxable","12":"purchasable","13":"product-type-simple"},"_links":{"self":[{"href":"https:\/\/stoic-curie.212-227-153-4.plesk.page\/pt\/wp-json\/wp\/v2\/product\/3696476","targetHints":{"allow":["GET"]}}],"collection":[{"href":"https:\/\/stoic-curie.212-227-153-4.plesk.page\/pt\/wp-json\/wp\/v2\/product"}],"about":[{"href":"https:\/\/stoic-curie.212-227-153-4.plesk.page\/pt\/wp-json\/wp\/v2\/types\/product"}],"replies":[{"embeddable":true,"href":"https:\/\/stoic-curie.212-227-153-4.plesk.page\/pt\/wp-json\/wp\/v2\/comments?post=3696476"}],"version-history":[{"count":0,"href":"https:\/\/stoic-curie.212-227-153-4.plesk.page\/pt\/wp-json\/wp\/v2\/product\/3696476\/revisions"}],"wp:featuredmedia":[{"embeddable":true,"href":"https:\/\/stoic-curie.212-227-153-4.plesk.page\/pt\/wp-json\/wp\/v2\/media\/5941374"}],"wp:attachment":[{"href":"https:\/\/stoic-curie.212-227-153-4.plesk.page\/pt\/wp-json\/wp\/v2\/media?parent=3696476"}],"wp:term":[{"taxonomy":"product_brand","embeddable":true,"href":"https:\/\/stoic-curie.212-227-153-4.plesk.page\/pt\/wp-json\/wp\/v2\/product_brand?post=3696476"},{"taxonomy":"product_cat","embeddable":true,"href":"https:\/\/stoic-curie.212-227-153-4.plesk.page\/pt\/wp-json\/wp\/v2\/product_cat?post=3696476"},{"taxonomy":"product_tag","embeddable":true,"href":"https:\/\/stoic-curie.212-227-153-4.plesk.page\/pt\/wp-json\/wp\/v2\/product_tag?post=3696476"}],"curies":[{"name":"wp","href":"https:\/\/api.w.org\/{rel}","templated":true}]}}