{"id":3696488,"date":"2025-10-13T14:09:06","date_gmt":"2025-10-13T18:09:06","guid":{"rendered":"https:\/\/stoic-curie.212-227-153-4.plesk.page\/product\/colete-salva-vidas-desportivo-55n-40-70kg\/"},"modified":"2026-02-25T00:27:57","modified_gmt":"2026-02-25T00:27:57","slug":"colete-salva-vidas-desportivo-55n-40-70kg","status":"publish","type":"product","link":"https:\/\/stoic-curie.212-227-153-4.plesk.page\/pt\/product\/colete-salva-vidas-desportivo-55n-40-70kg\/","title":{"rendered":"Colete Salva-Vidas Desportivo 55N 40-70kg"},"content":{"rendered":"<p>Colete Salva-Vidas Desportivo 55N 40-70kg &#8211; <\/p>\n<p>Colete de apoio \u00e0 flutuabilidade Wind 50N aprovado ISO EN12402-5 para pequenos veleiros e canoas. Perfeito para escolas de vela. Tecido resistente \u00e0 abras\u00e3o. Sistema de ajuste composto por fivelas de libera\u00e7\u00e3o r\u00e1pida e cintos de cintura. 50N &#8211; Apoio \u00e0 flutuabilidade e nata\u00e7\u00e3o. Este n\u00e3o \u00e9 um colete salva-vidas. Para nadadores regulares. Usar apenas pr\u00f3ximo \u00e0 costa.<\/p>\n","protected":false},"excerpt":{"rendered":"<p>Colete Salva-Vidas Desportivo 55N 40-70kg &#8211; Colete de apoio \u00e0 flutuabilidade Wind 50N aprovado ISO EN12402-5 para pequenos veleiros e<\/p>\n","protected":false},"featured_media":5941380,"comment_status":"closed","ping_status":"closed","template":"","meta":[],"product_brand":[3517],"product_cat":[1890,2129],"product_tag":[],"class_list":{"0":"post-3696488","1":"product","2":"type-product","3":"status-publish","4":"has-post-thumbnail","6":"product_brand-veleria-san-giorgio-pt","7":"product_cat-auxiliares-flutuaveis","8":"product_cat-coletes-salva-vidas-ligeiros-para-desportos-aquaticos","10":"first","11":"instock","12":"shipping-taxable","13":"purchasable","14":"product-type-simple"},"_links":{"self":[{"href":"https:\/\/stoic-curie.212-227-153-4.plesk.page\/pt\/wp-json\/wp\/v2\/product\/3696488","targetHints":{"allow":["GET"]}}],"collection":[{"href":"https:\/\/stoic-curie.212-227-153-4.plesk.page\/pt\/wp-json\/wp\/v2\/product"}],"about":[{"href":"https:\/\/stoic-curie.212-227-153-4.plesk.page\/pt\/wp-json\/wp\/v2\/types\/product"}],"replies":[{"embeddable":true,"href":"https:\/\/stoic-curie.212-227-153-4.plesk.page\/pt\/wp-json\/wp\/v2\/comments?post=3696488"}],"version-history":[{"count":0,"href":"https:\/\/stoic-curie.212-227-153-4.plesk.page\/pt\/wp-json\/wp\/v2\/product\/3696488\/revisions"}],"wp:featuredmedia":[{"embeddable":true,"href":"https:\/\/stoic-curie.212-227-153-4.plesk.page\/pt\/wp-json\/wp\/v2\/media\/5941380"}],"wp:attachment":[{"href":"https:\/\/stoic-curie.212-227-153-4.plesk.page\/pt\/wp-json\/wp\/v2\/media?parent=3696488"}],"wp:term":[{"taxonomy":"product_brand","embeddable":true,"href":"https:\/\/stoic-curie.212-227-153-4.plesk.page\/pt\/wp-json\/wp\/v2\/product_brand?post=3696488"},{"taxonomy":"product_cat","embeddable":true,"href":"https:\/\/stoic-curie.212-227-153-4.plesk.page\/pt\/wp-json\/wp\/v2\/product_cat?post=3696488"},{"taxonomy":"product_tag","embeddable":true,"href":"https:\/\/stoic-curie.212-227-153-4.plesk.page\/pt\/wp-json\/wp\/v2\/product_tag?post=3696488"}],"curies":[{"name":"wp","href":"https:\/\/api.w.org\/{rel}","templated":true}]}}