{"id":3696489,"date":"2025-10-13T14:09:06","date_gmt":"2025-10-13T18:09:06","guid":{"rendered":"https:\/\/stoic-curie.212-227-153-4.plesk.page\/product\/colete-salva-vidas-desportivo-80n-70-80kg\/"},"modified":"2026-02-25T00:27:57","modified_gmt":"2026-02-25T00:27:57","slug":"colete-salva-vidas-desportivo-80n-70-80kg","status":"publish","type":"product","link":"https:\/\/stoic-curie.212-227-153-4.plesk.page\/pt\/product\/colete-salva-vidas-desportivo-80n-70-80kg\/","title":{"rendered":"Colete Salva-Vidas Desportivo 80N 70-80kg"},"content":{"rendered":"<p>Colete Salva-Vidas Desportivo 80N 70-80kg &#8211; <\/p>\n<p>Colete de flutuabilidade aprovado ISO EN12402-5 de 50N para pequenos veleiros e canoas. Perfeito para escolas de vela. Lona resistente \u00e0 abras\u00e3o. Sistema de ajuste composto por fivelas de libera\u00e7\u00e3o r\u00e1pida e cintas de cintura. 50N &#8211; aux\u00edlio de flutua\u00e7\u00e3o e nata\u00e7\u00e3o. Este n\u00e3o \u00e9 um colete salva-vidas. Para nadadores regulares. Usar perto da costa.<\/p>\n","protected":false},"excerpt":{"rendered":"<p>Colete Salva-Vidas Desportivo 80N 70-80kg &#8211; Colete de flutuabilidade aprovado ISO EN12402-5 de 50N para pequenos veleiros e canoas. Perfeito<\/p>\n","protected":false},"featured_media":5941380,"comment_status":"closed","ping_status":"closed","template":"","meta":[],"product_brand":[3517],"product_cat":[1890,2129],"product_tag":[],"class_list":{"0":"post-3696489","1":"product","2":"type-product","3":"status-publish","4":"has-post-thumbnail","6":"product_brand-veleria-san-giorgio-pt","7":"product_cat-auxiliares-flutuaveis","8":"product_cat-coletes-salva-vidas-ligeiros-para-desportos-aquaticos","10":"first","11":"instock","12":"shipping-taxable","13":"purchasable","14":"product-type-simple"},"_links":{"self":[{"href":"https:\/\/stoic-curie.212-227-153-4.plesk.page\/pt\/wp-json\/wp\/v2\/product\/3696489","targetHints":{"allow":["GET"]}}],"collection":[{"href":"https:\/\/stoic-curie.212-227-153-4.plesk.page\/pt\/wp-json\/wp\/v2\/product"}],"about":[{"href":"https:\/\/stoic-curie.212-227-153-4.plesk.page\/pt\/wp-json\/wp\/v2\/types\/product"}],"replies":[{"embeddable":true,"href":"https:\/\/stoic-curie.212-227-153-4.plesk.page\/pt\/wp-json\/wp\/v2\/comments?post=3696489"}],"version-history":[{"count":0,"href":"https:\/\/stoic-curie.212-227-153-4.plesk.page\/pt\/wp-json\/wp\/v2\/product\/3696489\/revisions"}],"wp:featuredmedia":[{"embeddable":true,"href":"https:\/\/stoic-curie.212-227-153-4.plesk.page\/pt\/wp-json\/wp\/v2\/media\/5941380"}],"wp:attachment":[{"href":"https:\/\/stoic-curie.212-227-153-4.plesk.page\/pt\/wp-json\/wp\/v2\/media?parent=3696489"}],"wp:term":[{"taxonomy":"product_brand","embeddable":true,"href":"https:\/\/stoic-curie.212-227-153-4.plesk.page\/pt\/wp-json\/wp\/v2\/product_brand?post=3696489"},{"taxonomy":"product_cat","embeddable":true,"href":"https:\/\/stoic-curie.212-227-153-4.plesk.page\/pt\/wp-json\/wp\/v2\/product_cat?post=3696489"},{"taxonomy":"product_tag","embeddable":true,"href":"https:\/\/stoic-curie.212-227-153-4.plesk.page\/pt\/wp-json\/wp\/v2\/product_tag?post=3696489"}],"curies":[{"name":"wp","href":"https:\/\/api.w.org\/{rel}","templated":true}]}}