{"id":3696491,"date":"2025-10-13T14:09:06","date_gmt":"2025-10-13T18:09:06","guid":{"rendered":"https:\/\/stoic-curie.212-227-153-4.plesk.page\/product\/faca-de-mergulho-sub12-preta-12-cm\/"},"modified":"2026-02-25T00:27:57","modified_gmt":"2026-02-25T00:27:57","slug":"faca-de-mergulho-sub12-preta-12-cm","status":"publish","type":"product","link":"https:\/\/stoic-curie.212-227-153-4.plesk.page\/pt\/product\/faca-de-mergulho-sub12-preta-12-cm\/","title":{"rendered":"Faca de Mergulho Sub12 Preta 12 cm"},"content":{"rendered":"<p>Faca de Mergulho Sub12 Preta 12 cm &#8211; <\/p>\n<p>Faca de mergulho com cortador de linha e abridor de grampos. Completa com bainha e cinto. L\u00e2mina de a\u00e7o inoxid\u00e1vel W1.4116. A l\u00e2mina deve ser enxaguada com \u00e1gua doce e lubrificada ap\u00f3s o uso.<\/p>\n","protected":false},"excerpt":{"rendered":"<p>Faca de Mergulho Sub12 Preta 12 cm &#8211; Faca de mergulho com cortador de linha e abridor de grampos. Completa<\/p>\n","protected":false},"featured_media":5941383,"comment_status":"closed","ping_status":"closed","template":"","meta":[],"product_brand":[3082],"product_cat":[2131,2143],"product_tag":[],"class_list":{"0":"post-3696491","1":"product","2":"type-product","3":"status-publish","4":"has-post-thumbnail","6":"product_brand-macs-pt","7":"product_cat-acessorios-de-mergulho","8":"product_cat-facas-canivetes-e-ferramentas","10":"first","11":"instock","12":"shipping-taxable","13":"purchasable","14":"product-type-simple"},"_links":{"self":[{"href":"https:\/\/stoic-curie.212-227-153-4.plesk.page\/pt\/wp-json\/wp\/v2\/product\/3696491","targetHints":{"allow":["GET"]}}],"collection":[{"href":"https:\/\/stoic-curie.212-227-153-4.plesk.page\/pt\/wp-json\/wp\/v2\/product"}],"about":[{"href":"https:\/\/stoic-curie.212-227-153-4.plesk.page\/pt\/wp-json\/wp\/v2\/types\/product"}],"replies":[{"embeddable":true,"href":"https:\/\/stoic-curie.212-227-153-4.plesk.page\/pt\/wp-json\/wp\/v2\/comments?post=3696491"}],"version-history":[{"count":0,"href":"https:\/\/stoic-curie.212-227-153-4.plesk.page\/pt\/wp-json\/wp\/v2\/product\/3696491\/revisions"}],"wp:featuredmedia":[{"embeddable":true,"href":"https:\/\/stoic-curie.212-227-153-4.plesk.page\/pt\/wp-json\/wp\/v2\/media\/5941383"}],"wp:attachment":[{"href":"https:\/\/stoic-curie.212-227-153-4.plesk.page\/pt\/wp-json\/wp\/v2\/media?parent=3696491"}],"wp:term":[{"taxonomy":"product_brand","embeddable":true,"href":"https:\/\/stoic-curie.212-227-153-4.plesk.page\/pt\/wp-json\/wp\/v2\/product_brand?post=3696491"},{"taxonomy":"product_cat","embeddable":true,"href":"https:\/\/stoic-curie.212-227-153-4.plesk.page\/pt\/wp-json\/wp\/v2\/product_cat?post=3696491"},{"taxonomy":"product_tag","embeddable":true,"href":"https:\/\/stoic-curie.212-227-153-4.plesk.page\/pt\/wp-json\/wp\/v2\/product_tag?post=3696491"}],"curies":[{"name":"wp","href":"https:\/\/api.w.org\/{rel}","templated":true}]}}