{"id":3696494,"date":"2025-10-13T14:09:06","date_gmt":"2025-10-13T18:09:06","guid":{"rendered":"https:\/\/stoic-curie.212-227-153-4.plesk.page\/product\/faca-de-resgate-com-trava-de-lamina-8cm\/"},"modified":"2026-02-25T00:27:57","modified_gmt":"2026-02-25T00:27:57","slug":"faca-de-resgate-com-trava-de-lamina-8cm","status":"publish","type":"product","link":"https:\/\/stoic-curie.212-227-153-4.plesk.page\/pt\/product\/faca-de-resgate-com-trava-de-lamina-8cm\/","title":{"rendered":"Faca de Resgate com Trava de L\u00e2mina 8cm"},"content":{"rendered":"<p>Faca de Resgate com Trava de L\u00e2mina 8cm &#8211; <\/p>\n<p>Faca de resgate com bloqueio da l\u00e2mina. L\u00e2mina serrilhada de alta qualidade que corta todos os tipos de cordas. Cabo de PP, l\u00e2mina em a\u00e7o inoxid\u00e1vel W1.4034.<\/p>\n","protected":false},"excerpt":{"rendered":"<p>Faca de Resgate com Trava de L\u00e2mina 8cm &#8211; Faca de resgate com bloqueio da l\u00e2mina. L\u00e2mina serrilhada de alta<\/p>\n","protected":false},"featured_media":5941392,"comment_status":"closed","ping_status":"closed","template":"","meta":[],"product_brand":[3517],"product_cat":[1892,1891,2143],"product_tag":[],"class_list":{"0":"post-3696494","1":"product","2":"type-product","3":"status-publish","4":"has-post-thumbnail","6":"product_brand-veleria-san-giorgio-pt","7":"product_cat-acessorios-de-seguranca","8":"product_cat-boias-e-retinidas-salva-vidas","9":"product_cat-facas-canivetes-e-ferramentas","11":"first","12":"instock","13":"shipping-taxable","14":"purchasable","15":"product-type-simple"},"_links":{"self":[{"href":"https:\/\/stoic-curie.212-227-153-4.plesk.page\/pt\/wp-json\/wp\/v2\/product\/3696494","targetHints":{"allow":["GET"]}}],"collection":[{"href":"https:\/\/stoic-curie.212-227-153-4.plesk.page\/pt\/wp-json\/wp\/v2\/product"}],"about":[{"href":"https:\/\/stoic-curie.212-227-153-4.plesk.page\/pt\/wp-json\/wp\/v2\/types\/product"}],"replies":[{"embeddable":true,"href":"https:\/\/stoic-curie.212-227-153-4.plesk.page\/pt\/wp-json\/wp\/v2\/comments?post=3696494"}],"version-history":[{"count":0,"href":"https:\/\/stoic-curie.212-227-153-4.plesk.page\/pt\/wp-json\/wp\/v2\/product\/3696494\/revisions"}],"wp:featuredmedia":[{"embeddable":true,"href":"https:\/\/stoic-curie.212-227-153-4.plesk.page\/pt\/wp-json\/wp\/v2\/media\/5941392"}],"wp:attachment":[{"href":"https:\/\/stoic-curie.212-227-153-4.plesk.page\/pt\/wp-json\/wp\/v2\/media?parent=3696494"}],"wp:term":[{"taxonomy":"product_brand","embeddable":true,"href":"https:\/\/stoic-curie.212-227-153-4.plesk.page\/pt\/wp-json\/wp\/v2\/product_brand?post=3696494"},{"taxonomy":"product_cat","embeddable":true,"href":"https:\/\/stoic-curie.212-227-153-4.plesk.page\/pt\/wp-json\/wp\/v2\/product_cat?post=3696494"},{"taxonomy":"product_tag","embeddable":true,"href":"https:\/\/stoic-curie.212-227-153-4.plesk.page\/pt\/wp-json\/wp\/v2\/product_tag?post=3696494"}],"curies":[{"name":"wp","href":"https:\/\/api.w.org\/{rel}","templated":true}]}}