{"id":3696529,"date":"2025-10-13T14:09:12","date_gmt":"2025-10-13T18:09:12","guid":{"rendered":"https:\/\/stoic-curie.212-227-153-4.plesk.page\/product\/reducao-de-bronze-macho-femea-3-4-x-1-2\/"},"modified":"2026-02-25T00:27:57","modified_gmt":"2026-02-25T00:27:57","slug":"reducao-de-bronze-macho-femea-3-4-x-1-2","status":"publish","type":"product","link":"https:\/\/stoic-curie.212-227-153-4.plesk.page\/pt\/product\/reducao-de-bronze-macho-femea-3-4-x-1-2\/","title":{"rendered":"Redu\u00e7\u00e3o de Bronze Macho-F\u00eamea 3\/4&#8243; x 1\/2&#8243;"},"content":{"rendered":"<p>Redu\u00e7\u00e3o de Bronze Macho-F\u00eamea 3\/4&#8243; x 1\/2&#8243; &#8211; <\/p>\n<p>Adaptador hexagonal de bronze macho para f\u00eamea.<\/p>\n","protected":false},"excerpt":{"rendered":"<p>Redu\u00e7\u00e3o de Bronze Macho-F\u00eamea 3\/4&#8243; x 1\/2&#8243; &#8211; Adaptador hexagonal de bronze macho para f\u00eamea.<\/p>\n","protected":false},"featured_media":5941474,"comment_status":"closed","ping_status":"closed","template":"","meta":[],"product_brand":[2997],"product_cat":[1956],"product_tag":[],"class_list":{"0":"post-3696529","1":"product","2":"type-product","3":"status-publish","4":"has-post-thumbnail","6":"product_brand-guidi-marine-pt","7":"product_cat-acessorios-de-canalizacao-em-bronze","9":"first","10":"instock","11":"shipping-taxable","12":"purchasable","13":"product-type-simple"},"_links":{"self":[{"href":"https:\/\/stoic-curie.212-227-153-4.plesk.page\/pt\/wp-json\/wp\/v2\/product\/3696529","targetHints":{"allow":["GET"]}}],"collection":[{"href":"https:\/\/stoic-curie.212-227-153-4.plesk.page\/pt\/wp-json\/wp\/v2\/product"}],"about":[{"href":"https:\/\/stoic-curie.212-227-153-4.plesk.page\/pt\/wp-json\/wp\/v2\/types\/product"}],"replies":[{"embeddable":true,"href":"https:\/\/stoic-curie.212-227-153-4.plesk.page\/pt\/wp-json\/wp\/v2\/comments?post=3696529"}],"version-history":[{"count":0,"href":"https:\/\/stoic-curie.212-227-153-4.plesk.page\/pt\/wp-json\/wp\/v2\/product\/3696529\/revisions"}],"wp:featuredmedia":[{"embeddable":true,"href":"https:\/\/stoic-curie.212-227-153-4.plesk.page\/pt\/wp-json\/wp\/v2\/media\/5941474"}],"wp:attachment":[{"href":"https:\/\/stoic-curie.212-227-153-4.plesk.page\/pt\/wp-json\/wp\/v2\/media?parent=3696529"}],"wp:term":[{"taxonomy":"product_brand","embeddable":true,"href":"https:\/\/stoic-curie.212-227-153-4.plesk.page\/pt\/wp-json\/wp\/v2\/product_brand?post=3696529"},{"taxonomy":"product_cat","embeddable":true,"href":"https:\/\/stoic-curie.212-227-153-4.plesk.page\/pt\/wp-json\/wp\/v2\/product_cat?post=3696529"},{"taxonomy":"product_tag","embeddable":true,"href":"https:\/\/stoic-curie.212-227-153-4.plesk.page\/pt\/wp-json\/wp\/v2\/product_tag?post=3696529"}],"curies":[{"name":"wp","href":"https:\/\/api.w.org\/{rel}","templated":true}]}}