{"id":3696572,"date":"2025-10-13T14:09:19","date_gmt":"2025-10-13T18:09:19","guid":{"rendered":"https:\/\/stoic-curie.212-227-153-4.plesk.page\/product\/multiusos-de-limpeza-forte-5-litros\/"},"modified":"2026-02-25T00:27:57","modified_gmt":"2026-02-25T00:27:57","slug":"multiusos-de-limpeza-forte-5-litros","status":"publish","type":"product","link":"https:\/\/stoic-curie.212-227-153-4.plesk.page\/pt\/product\/multiusos-de-limpeza-forte-5-litros\/","title":{"rendered":"Multiusos de Limpeza Forte 5 litros"},"content":{"rendered":"<p>Multiusos de Limpeza Forte 5 litros &#8211; <\/p>\n<p>Limpeza poderosa para superf\u00edcies de fibra de vidro, alum\u00ednio e pintadas, para-lamas e bancos. Basta aplicar, deixar agir por 3 minutos, depois esfregar e enxaguar com \u00e1gua.<\/p>\n","protected":false},"excerpt":{"rendered":"<p>Multiusos de Limpeza Forte 5 litros &#8211; Limpeza poderosa para superf\u00edcies de fibra de vidro, alum\u00ednio e pintadas, para-lamas e<\/p>\n","protected":false},"featured_media":5941481,"comment_status":"closed","ping_status":"closed","template":"","meta":[],"product_brand":[3237],"product_cat":[1915],"product_tag":[],"class_list":{"0":"post-3696572","1":"product","2":"type-product","3":"status-publish","4":"has-post-thumbnail","6":"product_brand-osculati-pt","7":"product_cat-produtos-de-limpeza","9":"first","10":"instock","11":"shipping-taxable","12":"purchasable","13":"product-type-simple"},"_links":{"self":[{"href":"https:\/\/stoic-curie.212-227-153-4.plesk.page\/pt\/wp-json\/wp\/v2\/product\/3696572","targetHints":{"allow":["GET"]}}],"collection":[{"href":"https:\/\/stoic-curie.212-227-153-4.plesk.page\/pt\/wp-json\/wp\/v2\/product"}],"about":[{"href":"https:\/\/stoic-curie.212-227-153-4.plesk.page\/pt\/wp-json\/wp\/v2\/types\/product"}],"replies":[{"embeddable":true,"href":"https:\/\/stoic-curie.212-227-153-4.plesk.page\/pt\/wp-json\/wp\/v2\/comments?post=3696572"}],"version-history":[{"count":0,"href":"https:\/\/stoic-curie.212-227-153-4.plesk.page\/pt\/wp-json\/wp\/v2\/product\/3696572\/revisions"}],"wp:featuredmedia":[{"embeddable":true,"href":"https:\/\/stoic-curie.212-227-153-4.plesk.page\/pt\/wp-json\/wp\/v2\/media\/5941481"}],"wp:attachment":[{"href":"https:\/\/stoic-curie.212-227-153-4.plesk.page\/pt\/wp-json\/wp\/v2\/media?parent=3696572"}],"wp:term":[{"taxonomy":"product_brand","embeddable":true,"href":"https:\/\/stoic-curie.212-227-153-4.plesk.page\/pt\/wp-json\/wp\/v2\/product_brand?post=3696572"},{"taxonomy":"product_cat","embeddable":true,"href":"https:\/\/stoic-curie.212-227-153-4.plesk.page\/pt\/wp-json\/wp\/v2\/product_cat?post=3696572"},{"taxonomy":"product_tag","embeddable":true,"href":"https:\/\/stoic-curie.212-227-153-4.plesk.page\/pt\/wp-json\/wp\/v2\/product_tag?post=3696572"}],"curies":[{"name":"wp","href":"https:\/\/api.w.org\/{rel}","templated":true}]}}