{"id":3696573,"date":"2025-10-13T14:09:19","date_gmt":"2025-10-13T18:09:19","guid":{"rendered":"https:\/\/stoic-curie.212-227-153-4.plesk.page\/product\/cera-para-barcos-star-brite-397-g\/"},"modified":"2026-02-25T00:27:57","modified_gmt":"2026-02-25T00:27:57","slug":"cera-para-barcos-star-brite-397-g","status":"publish","type":"product","link":"https:\/\/stoic-curie.212-227-153-4.plesk.page\/pt\/product\/cera-para-barcos-star-brite-397-g\/","title":{"rendered":"Cera para Barcos Star Brite 397 g"},"content":{"rendered":"<p>Cera para Barcos Star Brite 397 g &#8211; <\/p>\n<p>\u2022 F\u00f3rmula de cera pr\u00e9-amolecida f\u00e1cil de usar<br \/>\u2022 Proporciona um brilho profundo e rico<br \/>\u2022 Prote\u00e7\u00e3o duradoura contra desbotamento, calc\u00e1rio, oxida\u00e7\u00e3o e raios UV<br \/>\u2022 Pode ser aplicada em fibra de vidro, alum\u00ednio, cromo e superf\u00edcies pintadas<br \/>\u2022 Brilha e protege em um \u00fanico passo<br \/>\u2022 Pode ser aplicado sob luz solar direta<\/p>\n","protected":false},"excerpt":{"rendered":"<p>Cera para Barcos Star Brite 397 g &#8211; \u2022 F\u00f3rmula de cera pr\u00e9-amolecida f\u00e1cil de usar\u2022 Proporciona um brilho profundo<\/p>\n","protected":false},"featured_media":5941484,"comment_status":"closed","ping_status":"closed","template":"","meta":[],"product_brand":[3437],"product_cat":[1915,1913],"product_tag":[],"class_list":{"0":"post-3696573","1":"product","2":"type-product","3":"status-publish","4":"has-post-thumbnail","6":"product_brand-starbrite-pt","7":"product_cat-produtos-de-limpeza","8":"product_cat-produtos-para-manutencao","10":"first","11":"instock","12":"shipping-taxable","13":"purchasable","14":"product-type-simple"},"_links":{"self":[{"href":"https:\/\/stoic-curie.212-227-153-4.plesk.page\/pt\/wp-json\/wp\/v2\/product\/3696573","targetHints":{"allow":["GET"]}}],"collection":[{"href":"https:\/\/stoic-curie.212-227-153-4.plesk.page\/pt\/wp-json\/wp\/v2\/product"}],"about":[{"href":"https:\/\/stoic-curie.212-227-153-4.plesk.page\/pt\/wp-json\/wp\/v2\/types\/product"}],"replies":[{"embeddable":true,"href":"https:\/\/stoic-curie.212-227-153-4.plesk.page\/pt\/wp-json\/wp\/v2\/comments?post=3696573"}],"version-history":[{"count":0,"href":"https:\/\/stoic-curie.212-227-153-4.plesk.page\/pt\/wp-json\/wp\/v2\/product\/3696573\/revisions"}],"wp:featuredmedia":[{"embeddable":true,"href":"https:\/\/stoic-curie.212-227-153-4.plesk.page\/pt\/wp-json\/wp\/v2\/media\/5941484"}],"wp:attachment":[{"href":"https:\/\/stoic-curie.212-227-153-4.plesk.page\/pt\/wp-json\/wp\/v2\/media?parent=3696573"}],"wp:term":[{"taxonomy":"product_brand","embeddable":true,"href":"https:\/\/stoic-curie.212-227-153-4.plesk.page\/pt\/wp-json\/wp\/v2\/product_brand?post=3696573"},{"taxonomy":"product_cat","embeddable":true,"href":"https:\/\/stoic-curie.212-227-153-4.plesk.page\/pt\/wp-json\/wp\/v2\/product_cat?post=3696573"},{"taxonomy":"product_tag","embeddable":true,"href":"https:\/\/stoic-curie.212-227-153-4.plesk.page\/pt\/wp-json\/wp\/v2\/product_tag?post=3696573"}],"curies":[{"name":"wp","href":"https:\/\/api.w.org\/{rel}","templated":true}]}}