{"id":3696574,"date":"2025-10-13T14:09:19","date_gmt":"2025-10-13T18:09:19","guid":{"rendered":"https:\/\/stoic-curie.212-227-153-4.plesk.page\/product\/dobradicas-de-substituicao-tecma-t-596\/"},"modified":"2026-02-25T00:27:57","modified_gmt":"2026-02-25T00:27:57","slug":"dobradicas-de-substituicao-tecma-t-596","status":"publish","type":"product","link":"https:\/\/stoic-curie.212-227-153-4.plesk.page\/pt\/product\/dobradicas-de-substituicao-tecma-t-596\/","title":{"rendered":"Dobradi\u00e7as de Substitui\u00e7\u00e3o Tecma T-596"},"content":{"rendered":"<p>Dobradi\u00e7as de Substitui\u00e7\u00e3o Tecma T-596 &#8211; <\/p>\n<p>S\u00e9ries de assentos e dobradi\u00e7as para toaletes Design (Breeze) e Flexi (Silence, Elegance). PE: Assento de poli\u00e9ster cl\u00e1ssico e robusto, com tampa e assento vis\u00edveis. TE: Assento moderno e leve de resina termocondicionada com tampa que oculta o assento. Fechamento suave: dobradi\u00e7as com sistema de amortecimento para evitar danos e ru\u00eddos.<\/p>\n","protected":false},"excerpt":{"rendered":"<p>Dobradi\u00e7as de Substitui\u00e7\u00e3o Tecma T-596 &#8211; S\u00e9ries de assentos e dobradi\u00e7as para toaletes Design (Breeze) e Flexi (Silence, Elegance). PE:<\/p>\n","protected":false},"featured_media":5941501,"comment_status":"closed","ping_status":"closed","template":"","meta":[],"product_brand":[3472],"product_cat":[1962],"product_tag":[],"class_list":{"0":"post-3696574","1":"product","2":"type-product","3":"status-publish","4":"has-post-thumbnail","6":"product_brand-tecma-pt","7":"product_cat-sanitarios-e-casas-de-banho","9":"first","10":"instock","11":"shipping-taxable","12":"purchasable","13":"product-type-simple"},"_links":{"self":[{"href":"https:\/\/stoic-curie.212-227-153-4.plesk.page\/pt\/wp-json\/wp\/v2\/product\/3696574","targetHints":{"allow":["GET"]}}],"collection":[{"href":"https:\/\/stoic-curie.212-227-153-4.plesk.page\/pt\/wp-json\/wp\/v2\/product"}],"about":[{"href":"https:\/\/stoic-curie.212-227-153-4.plesk.page\/pt\/wp-json\/wp\/v2\/types\/product"}],"replies":[{"embeddable":true,"href":"https:\/\/stoic-curie.212-227-153-4.plesk.page\/pt\/wp-json\/wp\/v2\/comments?post=3696574"}],"version-history":[{"count":0,"href":"https:\/\/stoic-curie.212-227-153-4.plesk.page\/pt\/wp-json\/wp\/v2\/product\/3696574\/revisions"}],"wp:featuredmedia":[{"embeddable":true,"href":"https:\/\/stoic-curie.212-227-153-4.plesk.page\/pt\/wp-json\/wp\/v2\/media\/5941501"}],"wp:attachment":[{"href":"https:\/\/stoic-curie.212-227-153-4.plesk.page\/pt\/wp-json\/wp\/v2\/media?parent=3696574"}],"wp:term":[{"taxonomy":"product_brand","embeddable":true,"href":"https:\/\/stoic-curie.212-227-153-4.plesk.page\/pt\/wp-json\/wp\/v2\/product_brand?post=3696574"},{"taxonomy":"product_cat","embeddable":true,"href":"https:\/\/stoic-curie.212-227-153-4.plesk.page\/pt\/wp-json\/wp\/v2\/product_cat?post=3696574"},{"taxonomy":"product_tag","embeddable":true,"href":"https:\/\/stoic-curie.212-227-153-4.plesk.page\/pt\/wp-json\/wp\/v2\/product_tag?post=3696574"}],"curies":[{"name":"wp","href":"https:\/\/api.w.org\/{rel}","templated":true}]}}