{"id":3696579,"date":"2025-10-13T14:09:20","date_gmt":"2025-10-13T18:09:20","guid":{"rendered":"https:\/\/stoic-curie.212-227-153-4.plesk.page\/product\/tacas-cristalinas-medias-conjunto-de-6-pecas\/"},"modified":"2026-02-25T00:27:57","modified_gmt":"2026-02-25T00:27:57","slug":"tacas-cristalinas-medias-conjunto-de-6-pecas","status":"publish","type":"product","link":"https:\/\/stoic-curie.212-227-153-4.plesk.page\/pt\/product\/tacas-cristalinas-medias-conjunto-de-6-pecas\/","title":{"rendered":"Ta\u00e7as Cristalinas M\u00e9dias &#8211; Conjunto de 6 pe\u00e7as"},"content":{"rendered":"<p>Ta\u00e7as Cristalinas M\u00e9dias &#8211; Conjunto de 6 pe\u00e7as &#8211; <\/p>\n<p>A linha Tibur\u00f3n \u00e9 feita de vidro cristalino Xtreme\u00ae soprado \u00e0 boca e feito \u00e0 m\u00e3o, sem chumbo, que torna esses copos particularmente resistentes a choques e quedas. Os stems apresentam um pic\u00fbre profundo e afiado, que foi projetado para ver a verdadeira cor do vinho, enquanto a ta\u00e7a real\u00e7a sua massa. Al\u00e9m disso, a cintura da parte inferior da ta\u00e7a permite que o vinho se desenvolva na parte superior, elevando a oxigena\u00e7\u00e3o a n\u00edveis m\u00e1ximos. Novos copos Italesse feitos de vidro cristalino com base na tecnologia Xtreme\u00ae melhoram radicalmente as propriedades do vidro do ponto de vista qu\u00edmico, mec\u00e2nico e \u00f3ptico. Brilho extremo Grande estabilidade e ader\u00eancia +100% resist\u00eancia a choques e tor\u00e7\u00f5es<\/p>\n","protected":false},"excerpt":{"rendered":"<p>Ta\u00e7as Cristalinas M\u00e9dias &#8211; Conjunto de 6 pe\u00e7as &#8211; A linha Tibur\u00f3n \u00e9 feita de vidro cristalino Xtreme\u00ae soprado \u00e0<\/p>\n","protected":false},"featured_media":5941595,"comment_status":"closed","ping_status":"closed","template":"","meta":[],"product_brand":[3237],"product_cat":[1932],"product_tag":[],"class_list":{"0":"post-3696579","1":"product","2":"type-product","3":"status-publish","4":"has-post-thumbnail","6":"product_brand-osculati-pt","7":"product_cat-loica-nautica","9":"first","10":"instock","11":"shipping-taxable","12":"purchasable","13":"product-type-simple"},"_links":{"self":[{"href":"https:\/\/stoic-curie.212-227-153-4.plesk.page\/pt\/wp-json\/wp\/v2\/product\/3696579","targetHints":{"allow":["GET"]}}],"collection":[{"href":"https:\/\/stoic-curie.212-227-153-4.plesk.page\/pt\/wp-json\/wp\/v2\/product"}],"about":[{"href":"https:\/\/stoic-curie.212-227-153-4.plesk.page\/pt\/wp-json\/wp\/v2\/types\/product"}],"replies":[{"embeddable":true,"href":"https:\/\/stoic-curie.212-227-153-4.plesk.page\/pt\/wp-json\/wp\/v2\/comments?post=3696579"}],"version-history":[{"count":0,"href":"https:\/\/stoic-curie.212-227-153-4.plesk.page\/pt\/wp-json\/wp\/v2\/product\/3696579\/revisions"}],"wp:featuredmedia":[{"embeddable":true,"href":"https:\/\/stoic-curie.212-227-153-4.plesk.page\/pt\/wp-json\/wp\/v2\/media\/5941595"}],"wp:attachment":[{"href":"https:\/\/stoic-curie.212-227-153-4.plesk.page\/pt\/wp-json\/wp\/v2\/media?parent=3696579"}],"wp:term":[{"taxonomy":"product_brand","embeddable":true,"href":"https:\/\/stoic-curie.212-227-153-4.plesk.page\/pt\/wp-json\/wp\/v2\/product_brand?post=3696579"},{"taxonomy":"product_cat","embeddable":true,"href":"https:\/\/stoic-curie.212-227-153-4.plesk.page\/pt\/wp-json\/wp\/v2\/product_cat?post=3696579"},{"taxonomy":"product_tag","embeddable":true,"href":"https:\/\/stoic-curie.212-227-153-4.plesk.page\/pt\/wp-json\/wp\/v2\/product_tag?post=3696579"}],"curies":[{"name":"wp","href":"https:\/\/api.w.org\/{rel}","templated":true}]}}