{"id":3696580,"date":"2025-10-13T14:09:20","date_gmt":"2025-10-13T18:09:20","guid":{"rendered":"https:\/\/stoic-curie.212-227-153-4.plesk.page\/product\/conjunto-de-2-pratos-de-jantar-de-melamina-277mm\/"},"modified":"2026-02-25T00:27:57","modified_gmt":"2026-02-25T00:27:57","slug":"conjunto-de-2-pratos-de-jantar-de-melamina-277mm","status":"publish","type":"product","link":"https:\/\/stoic-curie.212-227-153-4.plesk.page\/pt\/product\/conjunto-de-2-pratos-de-jantar-de-melamina-277mm\/","title":{"rendered":"Conjunto de 2 Pratos de Jantar de Melamina 277mm"},"content":{"rendered":"<p>Conjunto de 2 Pratos de Jantar de Melamina 277mm &#8211; <\/p>\n<p>Pratos de Jantar e Sopa Venti4 Os pratos mais elegantes feitos de melamina acetinada com um design limpo e funcional. Baseados em uma forma de disco futurista. Feito de resina de melamina ultra-resistente, dotado de duas impress\u00f5es digitais falsas que servem a um duplo prop\u00f3sito: tornar o prato pr\u00e1tico de transportar e fornecer um local para descansar os talheres durante a refei\u00e7\u00e3o. Pode ser usado para qualquer tipo de prato quente, de massas a sopas, de carnes a saladas frescas.<\/p>\n","protected":false},"excerpt":{"rendered":"<p>Conjunto de 2 Pratos de Jantar de Melamina 277mm &#8211; Pratos de Jantar e Sopa Venti4 Os pratos mais elegantes<\/p>\n","protected":false},"featured_media":5941602,"comment_status":"closed","ping_status":"closed","template":"","meta":[],"product_brand":[3237],"product_cat":[1932],"product_tag":[],"class_list":{"0":"post-3696580","1":"product","2":"type-product","3":"status-publish","4":"has-post-thumbnail","6":"product_brand-osculati-pt","7":"product_cat-loica-nautica","9":"first","10":"instock","11":"shipping-taxable","12":"purchasable","13":"product-type-simple"},"_links":{"self":[{"href":"https:\/\/stoic-curie.212-227-153-4.plesk.page\/pt\/wp-json\/wp\/v2\/product\/3696580","targetHints":{"allow":["GET"]}}],"collection":[{"href":"https:\/\/stoic-curie.212-227-153-4.plesk.page\/pt\/wp-json\/wp\/v2\/product"}],"about":[{"href":"https:\/\/stoic-curie.212-227-153-4.plesk.page\/pt\/wp-json\/wp\/v2\/types\/product"}],"replies":[{"embeddable":true,"href":"https:\/\/stoic-curie.212-227-153-4.plesk.page\/pt\/wp-json\/wp\/v2\/comments?post=3696580"}],"version-history":[{"count":0,"href":"https:\/\/stoic-curie.212-227-153-4.plesk.page\/pt\/wp-json\/wp\/v2\/product\/3696580\/revisions"}],"wp:featuredmedia":[{"embeddable":true,"href":"https:\/\/stoic-curie.212-227-153-4.plesk.page\/pt\/wp-json\/wp\/v2\/media\/5941602"}],"wp:attachment":[{"href":"https:\/\/stoic-curie.212-227-153-4.plesk.page\/pt\/wp-json\/wp\/v2\/media?parent=3696580"}],"wp:term":[{"taxonomy":"product_brand","embeddable":true,"href":"https:\/\/stoic-curie.212-227-153-4.plesk.page\/pt\/wp-json\/wp\/v2\/product_brand?post=3696580"},{"taxonomy":"product_cat","embeddable":true,"href":"https:\/\/stoic-curie.212-227-153-4.plesk.page\/pt\/wp-json\/wp\/v2\/product_cat?post=3696580"},{"taxonomy":"product_tag","embeddable":true,"href":"https:\/\/stoic-curie.212-227-153-4.plesk.page\/pt\/wp-json\/wp\/v2\/product_tag?post=3696580"}],"curies":[{"name":"wp","href":"https:\/\/api.w.org\/{rel}","templated":true}]}}