{"id":3696582,"date":"2025-10-13T14:09:21","date_gmt":"2025-10-13T18:09:21","guid":{"rendered":"https:\/\/stoic-curie.212-227-153-4.plesk.page\/product\/amortecedor-de-amarra-unimer-u-cleat-para-corda-de-10-12mm\/"},"modified":"2026-02-25T00:27:57","modified_gmt":"2026-02-25T00:27:57","slug":"amortecedor-de-amarra-unimer-u-cleat-para-corda-de-10-12mm","status":"publish","type":"product","link":"https:\/\/stoic-curie.212-227-153-4.plesk.page\/pt\/product\/amortecedor-de-amarra-unimer-u-cleat-para-corda-de-10-12mm\/","title":{"rendered":"Amortecedor de Amarra Unimer U Cleat para corda de 10\/12mm"},"content":{"rendered":"<p>Amortecedor de Amarra Unimer U Cleat para corda de 10\/12mm &#8211; <\/p>\n<p>O snubber de ancoragem U-Cleat possui um mecanismo de bloqueio remov\u00edvel. O U-Cleat pode ser facilmente reposicionado ap\u00f3s a instala\u00e7\u00e3o, transferido para outra linha ou montado em uma linha com emendas ou an\u00e9is em ambas as extremidades. Fabricado em borracha EPDM resistente e texturizada, oferece a forma mais f\u00e1cil e confort\u00e1vel de ancorar, evitando danos a cordas e ganchos, enquanto prolonga a vida \u00fatil do seu barco. O comprimento do movimento compensat\u00f3rio pode ser variado enrolando a linha um n\u00famero diferente de vezes ao redor do compensador (nunca mais de 3): mais voltas, mais compensa\u00e7\u00e3o.<\/p>\n","protected":false},"excerpt":{"rendered":"<p>Amortecedor de Amarra Unimer U Cleat para corda de 10\/12mm &#8211; O snubber de ancoragem U-Cleat possui um mecanismo de<\/p>\n","protected":false},"featured_media":5939668,"comment_status":"closed","ping_status":"closed","template":"","meta":[],"product_brand":[3507],"product_cat":[1911],"product_tag":[],"class_list":{"0":"post-3696582","1":"product","2":"type-product","3":"status-publish","4":"has-post-thumbnail","6":"product_brand-unimer-pt","7":"product_cat-amortecedores-de-amarracao","9":"first","10":"instock","11":"shipping-taxable","12":"purchasable","13":"product-type-simple"},"_links":{"self":[{"href":"https:\/\/stoic-curie.212-227-153-4.plesk.page\/pt\/wp-json\/wp\/v2\/product\/3696582","targetHints":{"allow":["GET"]}}],"collection":[{"href":"https:\/\/stoic-curie.212-227-153-4.plesk.page\/pt\/wp-json\/wp\/v2\/product"}],"about":[{"href":"https:\/\/stoic-curie.212-227-153-4.plesk.page\/pt\/wp-json\/wp\/v2\/types\/product"}],"replies":[{"embeddable":true,"href":"https:\/\/stoic-curie.212-227-153-4.plesk.page\/pt\/wp-json\/wp\/v2\/comments?post=3696582"}],"version-history":[{"count":0,"href":"https:\/\/stoic-curie.212-227-153-4.plesk.page\/pt\/wp-json\/wp\/v2\/product\/3696582\/revisions"}],"wp:featuredmedia":[{"embeddable":true,"href":"https:\/\/stoic-curie.212-227-153-4.plesk.page\/pt\/wp-json\/wp\/v2\/media\/5939668"}],"wp:attachment":[{"href":"https:\/\/stoic-curie.212-227-153-4.plesk.page\/pt\/wp-json\/wp\/v2\/media?parent=3696582"}],"wp:term":[{"taxonomy":"product_brand","embeddable":true,"href":"https:\/\/stoic-curie.212-227-153-4.plesk.page\/pt\/wp-json\/wp\/v2\/product_brand?post=3696582"},{"taxonomy":"product_cat","embeddable":true,"href":"https:\/\/stoic-curie.212-227-153-4.plesk.page\/pt\/wp-json\/wp\/v2\/product_cat?post=3696582"},{"taxonomy":"product_tag","embeddable":true,"href":"https:\/\/stoic-curie.212-227-153-4.plesk.page\/pt\/wp-json\/wp\/v2\/product_tag?post=3696582"}],"curies":[{"name":"wp","href":"https:\/\/api.w.org\/{rel}","templated":true}]}}