{"id":3696584,"date":"2025-10-13T14:09:21","date_gmt":"2025-10-13T18:09:21","guid":{"rendered":"https:\/\/stoic-curie.212-227-153-4.plesk.page\/product\/boia-de-sinalizacao-redonda-dura-float-amarela-200x200mm\/"},"modified":"2026-02-25T00:27:57","modified_gmt":"2026-02-25T00:27:57","slug":"boia-de-sinalizacao-redonda-dura-float-amarela-200x200mm","status":"publish","type":"product","link":"https:\/\/stoic-curie.212-227-153-4.plesk.page\/pt\/product\/boia-de-sinalizacao-redonda-dura-float-amarela-200x200mm\/","title":{"rendered":"Boia de Sinaliza\u00e7\u00e3o Redonda Dura Float Amarela 200x200mm"},"content":{"rendered":"<p>Boia de Sinaliza\u00e7\u00e3o Redonda Dura Float Amarela 200x200mm &#8211; <\/p>\n<p>B\u00f3ia sinalizadora de pl\u00e1stico refor\u00e7ado preenchida com espuma de c\u00e9lulas fechadas. Muito resistente, quase indestrut\u00edvel e insubmers\u00edvel. Di\u00e2metro do buraco de 35 mm.<\/p>\n","protected":false},"excerpt":{"rendered":"<p>Boia de Sinaliza\u00e7\u00e3o Redonda Dura Float Amarela 200x200mm &#8211; B\u00f3ia sinalizadora de pl\u00e1stico refor\u00e7ado preenchida com espuma de c\u00e9lulas fechadas.<\/p>\n","protected":false},"featured_media":5941634,"comment_status":"closed","ping_status":"closed","template":"","meta":[],"product_brand":[2857],"product_cat":[2137],"product_tag":[],"class_list":{"0":"post-3696584","1":"product","2":"type-product","3":"status-publish","4":"has-post-thumbnail","6":"product_brand-can-marine-pt","7":"product_cat-boias-de-amarracao-e-sinalizacao","9":"first","10":"instock","11":"shipping-taxable","12":"purchasable","13":"product-type-simple"},"_links":{"self":[{"href":"https:\/\/stoic-curie.212-227-153-4.plesk.page\/pt\/wp-json\/wp\/v2\/product\/3696584","targetHints":{"allow":["GET"]}}],"collection":[{"href":"https:\/\/stoic-curie.212-227-153-4.plesk.page\/pt\/wp-json\/wp\/v2\/product"}],"about":[{"href":"https:\/\/stoic-curie.212-227-153-4.plesk.page\/pt\/wp-json\/wp\/v2\/types\/product"}],"replies":[{"embeddable":true,"href":"https:\/\/stoic-curie.212-227-153-4.plesk.page\/pt\/wp-json\/wp\/v2\/comments?post=3696584"}],"version-history":[{"count":0,"href":"https:\/\/stoic-curie.212-227-153-4.plesk.page\/pt\/wp-json\/wp\/v2\/product\/3696584\/revisions"}],"wp:featuredmedia":[{"embeddable":true,"href":"https:\/\/stoic-curie.212-227-153-4.plesk.page\/pt\/wp-json\/wp\/v2\/media\/5941634"}],"wp:attachment":[{"href":"https:\/\/stoic-curie.212-227-153-4.plesk.page\/pt\/wp-json\/wp\/v2\/media?parent=3696584"}],"wp:term":[{"taxonomy":"product_brand","embeddable":true,"href":"https:\/\/stoic-curie.212-227-153-4.plesk.page\/pt\/wp-json\/wp\/v2\/product_brand?post=3696584"},{"taxonomy":"product_cat","embeddable":true,"href":"https:\/\/stoic-curie.212-227-153-4.plesk.page\/pt\/wp-json\/wp\/v2\/product_cat?post=3696584"},{"taxonomy":"product_tag","embeddable":true,"href":"https:\/\/stoic-curie.212-227-153-4.plesk.page\/pt\/wp-json\/wp\/v2\/product_tag?post=3696584"}],"curies":[{"name":"wp","href":"https:\/\/api.w.org\/{rel}","templated":true}]}}