{"id":3696585,"date":"2025-10-13T14:09:21","date_gmt":"2025-10-13T18:09:21","guid":{"rendered":"https:\/\/stoic-curie.212-227-153-4.plesk.page\/product\/defensa-vertical-azul-60x15cm\/"},"modified":"2026-02-25T00:27:57","modified_gmt":"2026-02-25T00:27:57","slug":"defensa-vertical-azul-60x15cm","status":"publish","type":"product","link":"https:\/\/stoic-curie.212-227-153-4.plesk.page\/pt\/product\/defensa-vertical-azul-60x15cm\/","title":{"rendered":"Defensa Vertical Azul 60x15cm"},"content":{"rendered":"<p>Defensa Vertical Azul 60x15cm &#8211; <\/p>\n<p>Protetor de proa para veleiros, quando a \u00e2ncora \u00e9 levantada ou quando ocorre o atracamento na proa. Corpo de PVC resistente para uma absor\u00e7\u00e3o de choque ideal (n\u00e3o desinfla, n\u00e3o cont\u00e9m ar). Quatro ilh\u00f3s para uma fixa\u00e7\u00e3o segura na proa.<\/p>\n","protected":false},"excerpt":{"rendered":"<p>Defensa Vertical Azul 60x15cm &#8211; Protetor de proa para veleiros, quando a \u00e2ncora \u00e9 levantada ou quando ocorre o atracamento<\/p>\n","protected":false},"featured_media":5941641,"comment_status":"closed","ping_status":"closed","template":"","meta":[],"product_brand":[3092],"product_cat":[2135,2136],"product_tag":[],"class_list":{"0":"post-3696585","1":"product","2":"type-product","3":"status-publish","4":"has-post-thumbnail","6":"product_brand-majoni-pt","7":"product_cat-defensas-boias-e-defensas","8":"product_cat-defensas-de-doca","10":"first","11":"instock","12":"shipping-taxable","13":"purchasable","14":"product-type-simple"},"_links":{"self":[{"href":"https:\/\/stoic-curie.212-227-153-4.plesk.page\/pt\/wp-json\/wp\/v2\/product\/3696585","targetHints":{"allow":["GET"]}}],"collection":[{"href":"https:\/\/stoic-curie.212-227-153-4.plesk.page\/pt\/wp-json\/wp\/v2\/product"}],"about":[{"href":"https:\/\/stoic-curie.212-227-153-4.plesk.page\/pt\/wp-json\/wp\/v2\/types\/product"}],"replies":[{"embeddable":true,"href":"https:\/\/stoic-curie.212-227-153-4.plesk.page\/pt\/wp-json\/wp\/v2\/comments?post=3696585"}],"version-history":[{"count":0,"href":"https:\/\/stoic-curie.212-227-153-4.plesk.page\/pt\/wp-json\/wp\/v2\/product\/3696585\/revisions"}],"wp:featuredmedia":[{"embeddable":true,"href":"https:\/\/stoic-curie.212-227-153-4.plesk.page\/pt\/wp-json\/wp\/v2\/media\/5941641"}],"wp:attachment":[{"href":"https:\/\/stoic-curie.212-227-153-4.plesk.page\/pt\/wp-json\/wp\/v2\/media?parent=3696585"}],"wp:term":[{"taxonomy":"product_brand","embeddable":true,"href":"https:\/\/stoic-curie.212-227-153-4.plesk.page\/pt\/wp-json\/wp\/v2\/product_brand?post=3696585"},{"taxonomy":"product_cat","embeddable":true,"href":"https:\/\/stoic-curie.212-227-153-4.plesk.page\/pt\/wp-json\/wp\/v2\/product_cat?post=3696585"},{"taxonomy":"product_tag","embeddable":true,"href":"https:\/\/stoic-curie.212-227-153-4.plesk.page\/pt\/wp-json\/wp\/v2\/product_tag?post=3696585"}],"curies":[{"name":"wp","href":"https:\/\/api.w.org\/{rel}","templated":true}]}}