{"id":3696591,"date":"2025-10-13T14:09:23","date_gmt":"2025-10-13T18:09:23","guid":{"rendered":"https:\/\/stoic-curie.212-227-153-4.plesk.page\/product\/molas-de-gas-uflex-l550-curso-234-carga-30kg\/"},"modified":"2026-02-25T00:27:57","modified_gmt":"2026-02-25T00:27:57","slug":"molas-de-gas-uflex-l550-curso-234-carga-30kg","status":"publish","type":"product","link":"https:\/\/stoic-curie.212-227-153-4.plesk.page\/pt\/product\/molas-de-gas-uflex-l550-curso-234-carga-30kg\/","title":{"rendered":"Molas de G\u00e1s Uflex L550 Curso 234 Carga 30KG"},"content":{"rendered":"<p>Molas de G\u00e1s Uflex L550 Curso 234 Carga 30KG &#8211; <\/p>\n<p>A mola a g\u00e1s de qualidade superior, especialmente projetada para a abertura suave e f\u00e1cil de escotilhas de conv\u00e9s e cap\u00f4s de motores.<\/p>\n","protected":false},"excerpt":{"rendered":"<p>Molas de G\u00e1s Uflex L550 Curso 234 Carga 30KG &#8211; A mola a g\u00e1s de qualidade superior, especialmente projetada para<\/p>\n","protected":false},"featured_media":5937173,"comment_status":"closed","ping_status":"closed","template":"","meta":[],"product_brand":[3502],"product_cat":[1975],"product_tag":[],"class_list":{"0":"post-3696591","1":"product","2":"type-product","3":"status-publish","4":"has-post-thumbnail","6":"product_brand-ultraflex-uflex-pt","7":"product_cat-amortecedores-para-escotilhas","9":"first","10":"instock","11":"shipping-taxable","12":"purchasable","13":"product-type-simple"},"_links":{"self":[{"href":"https:\/\/stoic-curie.212-227-153-4.plesk.page\/pt\/wp-json\/wp\/v2\/product\/3696591","targetHints":{"allow":["GET"]}}],"collection":[{"href":"https:\/\/stoic-curie.212-227-153-4.plesk.page\/pt\/wp-json\/wp\/v2\/product"}],"about":[{"href":"https:\/\/stoic-curie.212-227-153-4.plesk.page\/pt\/wp-json\/wp\/v2\/types\/product"}],"replies":[{"embeddable":true,"href":"https:\/\/stoic-curie.212-227-153-4.plesk.page\/pt\/wp-json\/wp\/v2\/comments?post=3696591"}],"version-history":[{"count":0,"href":"https:\/\/stoic-curie.212-227-153-4.plesk.page\/pt\/wp-json\/wp\/v2\/product\/3696591\/revisions"}],"wp:featuredmedia":[{"embeddable":true,"href":"https:\/\/stoic-curie.212-227-153-4.plesk.page\/pt\/wp-json\/wp\/v2\/media\/5937173"}],"wp:attachment":[{"href":"https:\/\/stoic-curie.212-227-153-4.plesk.page\/pt\/wp-json\/wp\/v2\/media?parent=3696591"}],"wp:term":[{"taxonomy":"product_brand","embeddable":true,"href":"https:\/\/stoic-curie.212-227-153-4.plesk.page\/pt\/wp-json\/wp\/v2\/product_brand?post=3696591"},{"taxonomy":"product_cat","embeddable":true,"href":"https:\/\/stoic-curie.212-227-153-4.plesk.page\/pt\/wp-json\/wp\/v2\/product_cat?post=3696591"},{"taxonomy":"product_tag","embeddable":true,"href":"https:\/\/stoic-curie.212-227-153-4.plesk.page\/pt\/wp-json\/wp\/v2\/product_tag?post=3696591"}],"curies":[{"name":"wp","href":"https:\/\/api.w.org\/{rel}","templated":true}]}}