{"id":3696596,"date":"2025-10-13T14:09:25","date_gmt":"2025-10-13T18:09:25","guid":{"rendered":"https:\/\/stoic-curie.212-227-153-4.plesk.page\/product\/tampas-elevatorias-loxx-tenax-em-latao-dourado\/"},"modified":"2026-02-25T00:27:57","modified_gmt":"2026-02-25T00:27:57","slug":"tampas-elevatorias-loxx-tenax-em-latao-dourado","status":"publish","type":"product","link":"https:\/\/stoic-curie.212-227-153-4.plesk.page\/pt\/product\/tampas-elevatorias-loxx-tenax-em-latao-dourado\/","title":{"rendered":"Tampas Elevat\u00f3rias Loxx-Tenax em Lat\u00e3o Dourado"},"content":{"rendered":"<p>Tampas Elevat\u00f3rias Loxx-Tenax em Lat\u00e3o Dourado &#8211; <\/p>\n<p>Capas de eleva\u00e7\u00e3o de mola Loxx de qualidade superior genu\u00edna alem\u00e3. Corpo de lat\u00e3o antigo ou dourado, mola de a\u00e7o inoxid\u00e1vel. Adequado para barcos de tipos antigos e para interiores elegantes.<\/p>\n","protected":false},"excerpt":{"rendered":"<p>Tampas Elevat\u00f3rias Loxx-Tenax em Lat\u00e3o Dourado &#8211; Capas de eleva\u00e7\u00e3o de mola Loxx de qualidade superior genu\u00edna alem\u00e3. Corpo de<\/p>\n","protected":false},"featured_media":5937232,"comment_status":"closed","ping_status":"closed","template":"","meta":[],"product_brand":[3077],"product_cat":[1990,1976],"product_tag":[],"class_list":{"0":"post-3696596","1":"product","2":"type-product","3":"status-publish","4":"has-post-thumbnail","6":"product_brand-loxx-pt","7":"product_cat-pecas-para-coberturas-e-bimini","8":"product_cat-toldos-bimini-hardware-nautico","10":"first","11":"instock","12":"shipping-taxable","13":"purchasable","14":"product-type-simple"},"_links":{"self":[{"href":"https:\/\/stoic-curie.212-227-153-4.plesk.page\/pt\/wp-json\/wp\/v2\/product\/3696596","targetHints":{"allow":["GET"]}}],"collection":[{"href":"https:\/\/stoic-curie.212-227-153-4.plesk.page\/pt\/wp-json\/wp\/v2\/product"}],"about":[{"href":"https:\/\/stoic-curie.212-227-153-4.plesk.page\/pt\/wp-json\/wp\/v2\/types\/product"}],"replies":[{"embeddable":true,"href":"https:\/\/stoic-curie.212-227-153-4.plesk.page\/pt\/wp-json\/wp\/v2\/comments?post=3696596"}],"version-history":[{"count":0,"href":"https:\/\/stoic-curie.212-227-153-4.plesk.page\/pt\/wp-json\/wp\/v2\/product\/3696596\/revisions"}],"wp:featuredmedia":[{"embeddable":true,"href":"https:\/\/stoic-curie.212-227-153-4.plesk.page\/pt\/wp-json\/wp\/v2\/media\/5937232"}],"wp:attachment":[{"href":"https:\/\/stoic-curie.212-227-153-4.plesk.page\/pt\/wp-json\/wp\/v2\/media?parent=3696596"}],"wp:term":[{"taxonomy":"product_brand","embeddable":true,"href":"https:\/\/stoic-curie.212-227-153-4.plesk.page\/pt\/wp-json\/wp\/v2\/product_brand?post=3696596"},{"taxonomy":"product_cat","embeddable":true,"href":"https:\/\/stoic-curie.212-227-153-4.plesk.page\/pt\/wp-json\/wp\/v2\/product_cat?post=3696596"},{"taxonomy":"product_tag","embeddable":true,"href":"https:\/\/stoic-curie.212-227-153-4.plesk.page\/pt\/wp-json\/wp\/v2\/product_tag?post=3696596"}],"curies":[{"name":"wp","href":"https:\/\/api.w.org\/{rel}","templated":true}]}}