{"id":3696597,"date":"2025-10-13T14:09:25","date_gmt":"2025-10-13T18:09:25","guid":{"rendered":"https:\/\/stoic-curie.212-227-153-4.plesk.page\/product\/chave-pequena-padrao-loox-tenax\/"},"modified":"2026-02-25T00:27:57","modified_gmt":"2026-02-25T00:27:57","slug":"chave-pequena-padrao-loox-tenax","status":"publish","type":"product","link":"https:\/\/stoic-curie.212-227-153-4.plesk.page\/pt\/product\/chave-pequena-padrao-loox-tenax\/","title":{"rendered":"Chave Pequena Padr\u00e3o Loox-Tenax"},"content":{"rendered":"<p>Chave Pequena Padr\u00e3o Loox-Tenax &#8211; <\/p>\n<p>Bot\u00f5es Loxx-Tenax genu\u00ednos alem\u00e3es.<\/p>\n","protected":false},"excerpt":{"rendered":"<p>Chave Pequena Padr\u00e3o Loox-Tenax &#8211; Bot\u00f5es Loxx-Tenax genu\u00ednos alem\u00e3es.<\/p>\n","protected":false},"featured_media":5941672,"comment_status":"closed","ping_status":"closed","template":"","meta":[],"product_brand":[3077],"product_cat":[1990,1976],"product_tag":[],"class_list":{"0":"post-3696597","1":"product","2":"type-product","3":"status-publish","4":"has-post-thumbnail","6":"product_brand-loxx-pt","7":"product_cat-pecas-para-coberturas-e-bimini","8":"product_cat-toldos-bimini-hardware-nautico","10":"first","11":"instock","12":"shipping-taxable","13":"purchasable","14":"product-type-simple"},"_links":{"self":[{"href":"https:\/\/stoic-curie.212-227-153-4.plesk.page\/pt\/wp-json\/wp\/v2\/product\/3696597","targetHints":{"allow":["GET"]}}],"collection":[{"href":"https:\/\/stoic-curie.212-227-153-4.plesk.page\/pt\/wp-json\/wp\/v2\/product"}],"about":[{"href":"https:\/\/stoic-curie.212-227-153-4.plesk.page\/pt\/wp-json\/wp\/v2\/types\/product"}],"replies":[{"embeddable":true,"href":"https:\/\/stoic-curie.212-227-153-4.plesk.page\/pt\/wp-json\/wp\/v2\/comments?post=3696597"}],"version-history":[{"count":0,"href":"https:\/\/stoic-curie.212-227-153-4.plesk.page\/pt\/wp-json\/wp\/v2\/product\/3696597\/revisions"}],"wp:featuredmedia":[{"embeddable":true,"href":"https:\/\/stoic-curie.212-227-153-4.plesk.page\/pt\/wp-json\/wp\/v2\/media\/5941672"}],"wp:attachment":[{"href":"https:\/\/stoic-curie.212-227-153-4.plesk.page\/pt\/wp-json\/wp\/v2\/media?parent=3696597"}],"wp:term":[{"taxonomy":"product_brand","embeddable":true,"href":"https:\/\/stoic-curie.212-227-153-4.plesk.page\/pt\/wp-json\/wp\/v2\/product_brand?post=3696597"},{"taxonomy":"product_cat","embeddable":true,"href":"https:\/\/stoic-curie.212-227-153-4.plesk.page\/pt\/wp-json\/wp\/v2\/product_cat?post=3696597"},{"taxonomy":"product_tag","embeddable":true,"href":"https:\/\/stoic-curie.212-227-153-4.plesk.page\/pt\/wp-json\/wp\/v2\/product_tag?post=3696597"}],"curies":[{"name":"wp","href":"https:\/\/api.w.org\/{rel}","templated":true}]}}