{"id":3696603,"date":"2025-10-13T14:09:27","date_gmt":"2025-10-13T18:09:27","guid":{"rendered":"https:\/\/stoic-curie.212-227-153-4.plesk.page\/product\/refletor-tubular-de-radar-100-x-a570mm-5-milhas\/"},"modified":"2026-02-25T00:27:57","modified_gmt":"2026-02-25T00:27:57","slug":"refletor-tubular-de-radar-100-x-a570mm-5-milhas","status":"publish","type":"product","link":"https:\/\/stoic-curie.212-227-153-4.plesk.page\/pt\/product\/refletor-tubular-de-radar-100-x-a570mm-5-milhas\/","title":{"rendered":"Refletor Tubular de Radar 100 x A570mm (5 milhas)"},"content":{"rendered":"<p>Refletor Tubular de Radar 100 x A570mm (5 milhas) &#8211; <\/p>\n<p>Refletor radar tubular universal para veleiros. Pode ser i\u00e7ado nas velas ou montado no ch\u00e3o com uma base opcional (c\u00f3digo 3035212). \u00d3tima capacidade de resposta do radar devido \u00e0 superf\u00edcie refletiva aumentada.<\/p>\n","protected":false},"excerpt":{"rendered":"<p>Refletor Tubular de Radar 100 x A570mm (5 milhas) &#8211; Refletor radar tubular universal para veleiros. Pode ser i\u00e7ado nas<\/p>\n","protected":false},"featured_media":5941678,"comment_status":"closed","ping_status":"closed","template":"","meta":[],"product_brand":[2877],"product_cat":[1892,2058,2063],"product_tag":[],"class_list":{"0":"post-3696603","1":"product","2":"type-product","3":"status-publish","4":"has-post-thumbnail","6":"product_brand-davis-pt","7":"product_cat-acessorios-de-seguranca","8":"product_cat-acessorios-para-veleiro","9":"product_cat-equipamento-de-sinalizacao","11":"first","12":"instock","13":"shipping-taxable","14":"purchasable","15":"product-type-simple"},"_links":{"self":[{"href":"https:\/\/stoic-curie.212-227-153-4.plesk.page\/pt\/wp-json\/wp\/v2\/product\/3696603","targetHints":{"allow":["GET"]}}],"collection":[{"href":"https:\/\/stoic-curie.212-227-153-4.plesk.page\/pt\/wp-json\/wp\/v2\/product"}],"about":[{"href":"https:\/\/stoic-curie.212-227-153-4.plesk.page\/pt\/wp-json\/wp\/v2\/types\/product"}],"replies":[{"embeddable":true,"href":"https:\/\/stoic-curie.212-227-153-4.plesk.page\/pt\/wp-json\/wp\/v2\/comments?post=3696603"}],"version-history":[{"count":0,"href":"https:\/\/stoic-curie.212-227-153-4.plesk.page\/pt\/wp-json\/wp\/v2\/product\/3696603\/revisions"}],"wp:featuredmedia":[{"embeddable":true,"href":"https:\/\/stoic-curie.212-227-153-4.plesk.page\/pt\/wp-json\/wp\/v2\/media\/5941678"}],"wp:attachment":[{"href":"https:\/\/stoic-curie.212-227-153-4.plesk.page\/pt\/wp-json\/wp\/v2\/media?parent=3696603"}],"wp:term":[{"taxonomy":"product_brand","embeddable":true,"href":"https:\/\/stoic-curie.212-227-153-4.plesk.page\/pt\/wp-json\/wp\/v2\/product_brand?post=3696603"},{"taxonomy":"product_cat","embeddable":true,"href":"https:\/\/stoic-curie.212-227-153-4.plesk.page\/pt\/wp-json\/wp\/v2\/product_cat?post=3696603"},{"taxonomy":"product_tag","embeddable":true,"href":"https:\/\/stoic-curie.212-227-153-4.plesk.page\/pt\/wp-json\/wp\/v2\/product_tag?post=3696603"}],"curies":[{"name":"wp","href":"https:\/\/api.w.org\/{rel}","templated":true}]}}