{"id":3696608,"date":"2025-10-13T14:09:28","date_gmt":"2025-10-13T18:09:28","guid":{"rendered":"https:\/\/stoic-curie.212-227-153-4.plesk.page\/product\/catraca-em-aco-inoxidavel-fita-branca-25mm-x-6m-500kg\/"},"modified":"2026-02-25T00:27:57","modified_gmt":"2026-02-25T00:27:57","slug":"catraca-em-aco-inoxidavel-fita-branca-25mm-x-6m-500kg","status":"publish","type":"product","link":"https:\/\/stoic-curie.212-227-153-4.plesk.page\/pt\/product\/catraca-em-aco-inoxidavel-fita-branca-25mm-x-6m-500kg\/","title":{"rendered":"Catraca em A\u00e7o Inoxid\u00e1vel + Fita Branca 25mm x 6m &#8211; 500kg"},"content":{"rendered":"<p>Catraca em A\u00e7o Inoxid\u00e1vel + Fita Branca 25mm x 6m &#8211; 500kg &#8211; <\/p>\n<p>Correia de catraca com cinta de poli\u00e9ster de alta tenacidade e catraca em a\u00e7o inoxid\u00e1vel. Ideal para amarrar qualquer carga em barcos, pontes, contentores, carrinhos e ve\u00edculos. Marcado CE de acordo com a norma EN 12195-2.<\/p>\n","protected":false},"excerpt":{"rendered":"<p>Catraca em A\u00e7o Inoxid\u00e1vel + Fita Branca 25mm x 6m &#8211; 500kg &#8211; Correia de catraca com cinta de poli\u00e9ster<\/p>\n","protected":false},"featured_media":5941683,"comment_status":"closed","ping_status":"closed","template":"","meta":[],"product_brand":[2892],"product_cat":[2125],"product_tag":[],"class_list":{"0":"post-3696608","1":"product","2":"type-product","3":"status-publish","4":"has-post-thumbnail","6":"product_brand-domar-pt","7":"product_cat-correias-e-cintas-com-roquete","9":"first","10":"instock","11":"shipping-taxable","12":"purchasable","13":"product-type-simple"},"_links":{"self":[{"href":"https:\/\/stoic-curie.212-227-153-4.plesk.page\/pt\/wp-json\/wp\/v2\/product\/3696608","targetHints":{"allow":["GET"]}}],"collection":[{"href":"https:\/\/stoic-curie.212-227-153-4.plesk.page\/pt\/wp-json\/wp\/v2\/product"}],"about":[{"href":"https:\/\/stoic-curie.212-227-153-4.plesk.page\/pt\/wp-json\/wp\/v2\/types\/product"}],"replies":[{"embeddable":true,"href":"https:\/\/stoic-curie.212-227-153-4.plesk.page\/pt\/wp-json\/wp\/v2\/comments?post=3696608"}],"version-history":[{"count":0,"href":"https:\/\/stoic-curie.212-227-153-4.plesk.page\/pt\/wp-json\/wp\/v2\/product\/3696608\/revisions"}],"wp:featuredmedia":[{"embeddable":true,"href":"https:\/\/stoic-curie.212-227-153-4.plesk.page\/pt\/wp-json\/wp\/v2\/media\/5941683"}],"wp:attachment":[{"href":"https:\/\/stoic-curie.212-227-153-4.plesk.page\/pt\/wp-json\/wp\/v2\/media?parent=3696608"}],"wp:term":[{"taxonomy":"product_brand","embeddable":true,"href":"https:\/\/stoic-curie.212-227-153-4.plesk.page\/pt\/wp-json\/wp\/v2\/product_brand?post=3696608"},{"taxonomy":"product_cat","embeddable":true,"href":"https:\/\/stoic-curie.212-227-153-4.plesk.page\/pt\/wp-json\/wp\/v2\/product_cat?post=3696608"},{"taxonomy":"product_tag","embeddable":true,"href":"https:\/\/stoic-curie.212-227-153-4.plesk.page\/pt\/wp-json\/wp\/v2\/product_tag?post=3696608"}],"curies":[{"name":"wp","href":"https:\/\/api.w.org\/{rel}","templated":true}]}}