{"id":3696611,"date":"2025-10-13T14:09:29","date_gmt":"2025-10-13T18:09:29","guid":{"rendered":"https:\/\/stoic-curie.212-227-153-4.plesk.page\/product\/fita-de-catraca-padrao-25mm-x-5m-500kg\/"},"modified":"2026-02-25T00:27:57","modified_gmt":"2026-02-25T00:27:57","slug":"fita-de-catraca-padrao-25mm-x-5m-500kg","status":"publish","type":"product","link":"https:\/\/stoic-curie.212-227-153-4.plesk.page\/pt\/product\/fita-de-catraca-padrao-25mm-x-5m-500kg\/","title":{"rendered":"Fita de Catraca Padr\u00e3o 25mm x 5m &#8211; 500kg"},"content":{"rendered":"<p>Fita de Catraca Padr\u00e3o 25mm x 5m &#8211; 500kg &#8211; <\/p>\n<p>Correia de catraca com cinta de poli\u00e9ster de alta tenacidade e catraca de ferro-c\u00e1dmio. Ideal para atar qualquer carga em barcos, pontes, por\u00f5es, carrinhos e ve\u00edculos. Marcado CE de acordo com a norma EN 12195-2.<\/p>\n","protected":false},"excerpt":{"rendered":"<p>Fita de Catraca Padr\u00e3o 25mm x 5m &#8211; 500kg &#8211; Correia de catraca com cinta de poli\u00e9ster de alta tenacidade<\/p>\n","protected":false},"featured_media":5941687,"comment_status":"closed","ping_status":"closed","template":"","meta":[],"product_brand":[2892],"product_cat":[2125],"product_tag":[],"class_list":{"0":"post-3696611","1":"product","2":"type-product","3":"status-publish","4":"has-post-thumbnail","6":"product_brand-domar-pt","7":"product_cat-correias-e-cintas-com-roquete","9":"first","10":"instock","11":"shipping-taxable","12":"purchasable","13":"product-type-simple"},"_links":{"self":[{"href":"https:\/\/stoic-curie.212-227-153-4.plesk.page\/pt\/wp-json\/wp\/v2\/product\/3696611","targetHints":{"allow":["GET"]}}],"collection":[{"href":"https:\/\/stoic-curie.212-227-153-4.plesk.page\/pt\/wp-json\/wp\/v2\/product"}],"about":[{"href":"https:\/\/stoic-curie.212-227-153-4.plesk.page\/pt\/wp-json\/wp\/v2\/types\/product"}],"replies":[{"embeddable":true,"href":"https:\/\/stoic-curie.212-227-153-4.plesk.page\/pt\/wp-json\/wp\/v2\/comments?post=3696611"}],"version-history":[{"count":0,"href":"https:\/\/stoic-curie.212-227-153-4.plesk.page\/pt\/wp-json\/wp\/v2\/product\/3696611\/revisions"}],"wp:featuredmedia":[{"embeddable":true,"href":"https:\/\/stoic-curie.212-227-153-4.plesk.page\/pt\/wp-json\/wp\/v2\/media\/5941687"}],"wp:attachment":[{"href":"https:\/\/stoic-curie.212-227-153-4.plesk.page\/pt\/wp-json\/wp\/v2\/media?parent=3696611"}],"wp:term":[{"taxonomy":"product_brand","embeddable":true,"href":"https:\/\/stoic-curie.212-227-153-4.plesk.page\/pt\/wp-json\/wp\/v2\/product_brand?post=3696611"},{"taxonomy":"product_cat","embeddable":true,"href":"https:\/\/stoic-curie.212-227-153-4.plesk.page\/pt\/wp-json\/wp\/v2\/product_cat?post=3696611"},{"taxonomy":"product_tag","embeddable":true,"href":"https:\/\/stoic-curie.212-227-153-4.plesk.page\/pt\/wp-json\/wp\/v2\/product_tag?post=3696611"}],"curies":[{"name":"wp","href":"https:\/\/api.w.org\/{rel}","templated":true}]}}