{"id":3696612,"date":"2025-10-13T14:09:29","date_gmt":"2025-10-13T18:09:29","guid":{"rendered":"https:\/\/stoic-curie.212-227-153-4.plesk.page\/product\/fivela-de-entrada-unica-em-aco-inoxidavel-para-fita-50mm\/"},"modified":"2026-02-25T00:27:57","modified_gmt":"2026-02-25T00:27:57","slug":"fivela-de-entrada-unica-em-aco-inoxidavel-para-fita-50mm","status":"publish","type":"product","link":"https:\/\/stoic-curie.212-227-153-4.plesk.page\/pt\/product\/fivela-de-entrada-unica-em-aco-inoxidavel-para-fita-50mm\/","title":{"rendered":"Fivela de Entrada \u00danica em A\u00e7o Inoxid\u00e1vel para Fita 50mm"},"content":{"rendered":"<p>Fivela de Entrada \u00danica em A\u00e7o Inoxid\u00e1vel para Fita 50mm &#8211; <\/p>\n<p>Fivela de entrada \u00fanica em a\u00e7o inoxid\u00e1vel para cintos.<\/p>\n","protected":false},"excerpt":{"rendered":"<p>Fivela de Entrada \u00danica em A\u00e7o Inoxid\u00e1vel para Fita 50mm &#8211; Fivela de entrada \u00fanica em a\u00e7o inoxid\u00e1vel para cintos.<\/p>\n","protected":false},"featured_media":5941689,"comment_status":"closed","ping_status":"closed","template":"","meta":[],"product_brand":[3122],"product_cat":[1969,2125],"product_tag":[],"class_list":{"0":"post-3696612","1":"product","2":"type-product","3":"status-publish","4":"has-post-thumbnail","6":"product_brand-marinetech-pt","7":"product_cat-acessorios-de-conves","8":"product_cat-correias-e-cintas-com-roquete","10":"first","11":"instock","12":"shipping-taxable","13":"purchasable","14":"product-type-simple"},"_links":{"self":[{"href":"https:\/\/stoic-curie.212-227-153-4.plesk.page\/pt\/wp-json\/wp\/v2\/product\/3696612","targetHints":{"allow":["GET"]}}],"collection":[{"href":"https:\/\/stoic-curie.212-227-153-4.plesk.page\/pt\/wp-json\/wp\/v2\/product"}],"about":[{"href":"https:\/\/stoic-curie.212-227-153-4.plesk.page\/pt\/wp-json\/wp\/v2\/types\/product"}],"replies":[{"embeddable":true,"href":"https:\/\/stoic-curie.212-227-153-4.plesk.page\/pt\/wp-json\/wp\/v2\/comments?post=3696612"}],"version-history":[{"count":0,"href":"https:\/\/stoic-curie.212-227-153-4.plesk.page\/pt\/wp-json\/wp\/v2\/product\/3696612\/revisions"}],"wp:featuredmedia":[{"embeddable":true,"href":"https:\/\/stoic-curie.212-227-153-4.plesk.page\/pt\/wp-json\/wp\/v2\/media\/5941689"}],"wp:attachment":[{"href":"https:\/\/stoic-curie.212-227-153-4.plesk.page\/pt\/wp-json\/wp\/v2\/media?parent=3696612"}],"wp:term":[{"taxonomy":"product_brand","embeddable":true,"href":"https:\/\/stoic-curie.212-227-153-4.plesk.page\/pt\/wp-json\/wp\/v2\/product_brand?post=3696612"},{"taxonomy":"product_cat","embeddable":true,"href":"https:\/\/stoic-curie.212-227-153-4.plesk.page\/pt\/wp-json\/wp\/v2\/product_cat?post=3696612"},{"taxonomy":"product_tag","embeddable":true,"href":"https:\/\/stoic-curie.212-227-153-4.plesk.page\/pt\/wp-json\/wp\/v2\/product_tag?post=3696612"}],"curies":[{"name":"wp","href":"https:\/\/api.w.org\/{rel}","templated":true}]}}