{"id":3696615,"date":"2025-10-13T14:09:30","date_gmt":"2025-10-13T18:09:30","guid":{"rendered":"https:\/\/stoic-curie.212-227-153-4.plesk.page\/product\/tratamento-para-sanita-star-brite-500ml\/"},"modified":"2026-02-25T00:27:57","modified_gmt":"2026-02-25T00:27:57","slug":"tratamento-para-sanita-star-brite-500ml","status":"publish","type":"product","link":"https:\/\/stoic-curie.212-227-153-4.plesk.page\/pt\/product\/tratamento-para-sanita-star-brite-500ml\/","title":{"rendered":"Tratamento para Sanita Star Brite 500ml"},"content":{"rendered":"<p>Tratamento para Sanita Star Brite 500ml &#8211; <\/p>\n<p>\u2022 Tratamento para toalete com aroma de lim\u00e3o e lubrificantes que evitam que as v\u00e1lvulas de drenagem fiquem presas. <br \/>\u2022 Decomp\u00f5e res\u00edduos de forma r\u00e1pida e eficiente. <br \/>\u2022 30 ml tratam cerca de 19 litros. <br \/>\u2022 F\u00f3rmula livre de formalde\u00eddo, n\u00e3o manchadora e biodegrad\u00e1vel.<\/p>\n","protected":false},"excerpt":{"rendered":"<p>Tratamento para Sanita Star Brite 500ml &#8211; \u2022 Tratamento para toalete com aroma de lim\u00e3o e lubrificantes que evitam que<\/p>\n","protected":false},"featured_media":5941691,"comment_status":"closed","ping_status":"closed","template":"","meta":[],"product_brand":[3437],"product_cat":[1915,1962,1936],"product_tag":[],"class_list":{"0":"post-3696615","1":"product","2":"type-product","3":"status-publish","4":"has-post-thumbnail","6":"product_brand-starbrite-pt","7":"product_cat-produtos-de-limpeza","8":"product_cat-sanitarios-e-casas-de-banho","9":"product_cat-tanques-de-aguas-residuais","11":"first","12":"instock","13":"shipping-taxable","14":"purchasable","15":"product-type-simple"},"_links":{"self":[{"href":"https:\/\/stoic-curie.212-227-153-4.plesk.page\/pt\/wp-json\/wp\/v2\/product\/3696615","targetHints":{"allow":["GET"]}}],"collection":[{"href":"https:\/\/stoic-curie.212-227-153-4.plesk.page\/pt\/wp-json\/wp\/v2\/product"}],"about":[{"href":"https:\/\/stoic-curie.212-227-153-4.plesk.page\/pt\/wp-json\/wp\/v2\/types\/product"}],"replies":[{"embeddable":true,"href":"https:\/\/stoic-curie.212-227-153-4.plesk.page\/pt\/wp-json\/wp\/v2\/comments?post=3696615"}],"version-history":[{"count":0,"href":"https:\/\/stoic-curie.212-227-153-4.plesk.page\/pt\/wp-json\/wp\/v2\/product\/3696615\/revisions"}],"wp:featuredmedia":[{"embeddable":true,"href":"https:\/\/stoic-curie.212-227-153-4.plesk.page\/pt\/wp-json\/wp\/v2\/media\/5941691"}],"wp:attachment":[{"href":"https:\/\/stoic-curie.212-227-153-4.plesk.page\/pt\/wp-json\/wp\/v2\/media?parent=3696615"}],"wp:term":[{"taxonomy":"product_brand","embeddable":true,"href":"https:\/\/stoic-curie.212-227-153-4.plesk.page\/pt\/wp-json\/wp\/v2\/product_brand?post=3696615"},{"taxonomy":"product_cat","embeddable":true,"href":"https:\/\/stoic-curie.212-227-153-4.plesk.page\/pt\/wp-json\/wp\/v2\/product_cat?post=3696615"},{"taxonomy":"product_tag","embeddable":true,"href":"https:\/\/stoic-curie.212-227-153-4.plesk.page\/pt\/wp-json\/wp\/v2\/product_tag?post=3696615"}],"curies":[{"name":"wp","href":"https:\/\/api.w.org\/{rel}","templated":true}]}}