{"id":3696616,"date":"2025-10-13T14:09:31","date_gmt":"2025-10-13T18:09:31","guid":{"rendered":"https:\/\/stoic-curie.212-227-153-4.plesk.page\/product\/polimento-maritimo-star-brite-500-ml\/"},"modified":"2026-02-25T00:27:57","modified_gmt":"2026-02-25T00:27:57","slug":"polimento-maritimo-star-brite-500-ml","status":"publish","type":"product","link":"https:\/\/stoic-curie.212-227-153-4.plesk.page\/pt\/product\/polimento-maritimo-star-brite-500-ml\/","title":{"rendered":"polimento mar\u00edtimo Star Brite 500 ml"},"content":{"rendered":"<p>polimento mar\u00edtimo Star Brite 500 ml &#8211; <\/p>\n<p>\u2022 Mant\u00e9m seu barco com apar\u00eancia de novo<br \/>\u2022 Remove arranh\u00f5es, marcas de redemoinho, giz e oxida\u00e7\u00e3o, sem necessidade de esfregar com for\u00e7a<br \/>\u2022 Ajuda a evitar o desbotamento causado pelos raios UV<br \/>\u2022 Dura at\u00e9 4 vezes mais do que outros polidores ou ceras<\/p>\n","protected":false},"excerpt":{"rendered":"<p>polimento mar\u00edtimo Star Brite 500 ml &#8211; \u2022 Mant\u00e9m seu barco com apar\u00eancia de novo\u2022 Remove arranh\u00f5es, marcas de redemoinho,<\/p>\n","protected":false},"featured_media":5941692,"comment_status":"closed","ping_status":"closed","template":"","meta":[],"product_brand":[3437],"product_cat":[1913],"product_tag":[],"class_list":{"0":"post-3696616","1":"product","2":"type-product","3":"status-publish","4":"has-post-thumbnail","6":"product_brand-starbrite-pt","7":"product_cat-produtos-para-manutencao","9":"first","10":"instock","11":"shipping-taxable","12":"purchasable","13":"product-type-simple"},"_links":{"self":[{"href":"https:\/\/stoic-curie.212-227-153-4.plesk.page\/pt\/wp-json\/wp\/v2\/product\/3696616","targetHints":{"allow":["GET"]}}],"collection":[{"href":"https:\/\/stoic-curie.212-227-153-4.plesk.page\/pt\/wp-json\/wp\/v2\/product"}],"about":[{"href":"https:\/\/stoic-curie.212-227-153-4.plesk.page\/pt\/wp-json\/wp\/v2\/types\/product"}],"replies":[{"embeddable":true,"href":"https:\/\/stoic-curie.212-227-153-4.plesk.page\/pt\/wp-json\/wp\/v2\/comments?post=3696616"}],"version-history":[{"count":0,"href":"https:\/\/stoic-curie.212-227-153-4.plesk.page\/pt\/wp-json\/wp\/v2\/product\/3696616\/revisions"}],"wp:featuredmedia":[{"embeddable":true,"href":"https:\/\/stoic-curie.212-227-153-4.plesk.page\/pt\/wp-json\/wp\/v2\/media\/5941692"}],"wp:attachment":[{"href":"https:\/\/stoic-curie.212-227-153-4.plesk.page\/pt\/wp-json\/wp\/v2\/media?parent=3696616"}],"wp:term":[{"taxonomy":"product_brand","embeddable":true,"href":"https:\/\/stoic-curie.212-227-153-4.plesk.page\/pt\/wp-json\/wp\/v2\/product_brand?post=3696616"},{"taxonomy":"product_cat","embeddable":true,"href":"https:\/\/stoic-curie.212-227-153-4.plesk.page\/pt\/wp-json\/wp\/v2\/product_cat?post=3696616"},{"taxonomy":"product_tag","embeddable":true,"href":"https:\/\/stoic-curie.212-227-153-4.plesk.page\/pt\/wp-json\/wp\/v2\/product_tag?post=3696616"}],"curies":[{"name":"wp","href":"https:\/\/api.w.org\/{rel}","templated":true}]}}