{"id":3696620,"date":"2025-10-13T14:09:32","date_gmt":"2025-10-13T18:09:32","guid":{"rendered":"https:\/\/stoic-curie.212-227-153-4.plesk.page\/product\/limpa-aluminio-star-brite-1-8-litros\/"},"modified":"2026-02-25T00:27:57","modified_gmt":"2026-02-25T00:27:57","slug":"limpa-aluminio-star-brite-1-8-litros","status":"publish","type":"product","link":"https:\/\/stoic-curie.212-227-153-4.plesk.page\/pt\/product\/limpa-aluminio-star-brite-1-8-litros\/","title":{"rendered":"Limpa-Alum\u00ednio Star Brite 1.8 litros"},"content":{"rendered":"<p>Limpa-Alum\u00ednio Star Brite 1.8 litros &#8211; <\/p>\n<p>\u2022 Formulado para limpar marcas da linha de \u00e1gua, algas e manchas de barcos de alum\u00ednio e pont\u00f5es \u2022 Remove manchas de oxida\u00e7\u00e3o, sujeira e dep\u00f3sitos de calc\u00e1rio \u2022 Renova alum\u00ednio opaco sem esfregar<\/p>\n","protected":false},"excerpt":{"rendered":"<p>Limpa-Alum\u00ednio Star Brite 1.8 litros &#8211; \u2022 Formulado para limpar marcas da linha de \u00e1gua, algas e manchas de barcos<\/p>\n","protected":false},"featured_media":5941698,"comment_status":"closed","ping_status":"closed","template":"","meta":[],"product_brand":[3437],"product_cat":[1915],"product_tag":[],"class_list":{"0":"post-3696620","1":"product","2":"type-product","3":"status-publish","4":"has-post-thumbnail","6":"product_brand-starbrite-pt","7":"product_cat-produtos-de-limpeza","9":"first","10":"instock","11":"shipping-taxable","12":"purchasable","13":"product-type-simple"},"_links":{"self":[{"href":"https:\/\/stoic-curie.212-227-153-4.plesk.page\/pt\/wp-json\/wp\/v2\/product\/3696620","targetHints":{"allow":["GET"]}}],"collection":[{"href":"https:\/\/stoic-curie.212-227-153-4.plesk.page\/pt\/wp-json\/wp\/v2\/product"}],"about":[{"href":"https:\/\/stoic-curie.212-227-153-4.plesk.page\/pt\/wp-json\/wp\/v2\/types\/product"}],"replies":[{"embeddable":true,"href":"https:\/\/stoic-curie.212-227-153-4.plesk.page\/pt\/wp-json\/wp\/v2\/comments?post=3696620"}],"version-history":[{"count":0,"href":"https:\/\/stoic-curie.212-227-153-4.plesk.page\/pt\/wp-json\/wp\/v2\/product\/3696620\/revisions"}],"wp:featuredmedia":[{"embeddable":true,"href":"https:\/\/stoic-curie.212-227-153-4.plesk.page\/pt\/wp-json\/wp\/v2\/media\/5941698"}],"wp:attachment":[{"href":"https:\/\/stoic-curie.212-227-153-4.plesk.page\/pt\/wp-json\/wp\/v2\/media?parent=3696620"}],"wp:term":[{"taxonomy":"product_brand","embeddable":true,"href":"https:\/\/stoic-curie.212-227-153-4.plesk.page\/pt\/wp-json\/wp\/v2\/product_brand?post=3696620"},{"taxonomy":"product_cat","embeddable":true,"href":"https:\/\/stoic-curie.212-227-153-4.plesk.page\/pt\/wp-json\/wp\/v2\/product_cat?post=3696620"},{"taxonomy":"product_tag","embeddable":true,"href":"https:\/\/stoic-curie.212-227-153-4.plesk.page\/pt\/wp-json\/wp\/v2\/product_tag?post=3696620"}],"curies":[{"name":"wp","href":"https:\/\/api.w.org\/{rel}","templated":true}]}}