{"id":3696626,"date":"2025-10-13T14:09:33","date_gmt":"2025-10-13T18:09:33","guid":{"rendered":"https:\/\/stoic-curie.212-227-153-4.plesk.page\/product\/mosquetao-padrao-kong-105mm\/"},"modified":"2026-02-25T00:27:57","modified_gmt":"2026-02-25T00:27:57","slug":"mosquetao-padrao-kong-105mm","status":"publish","type":"product","link":"https:\/\/stoic-curie.212-227-153-4.plesk.page\/pt\/product\/mosquetao-padrao-kong-105mm\/","title":{"rendered":"Mosquet\u00e3o Padr\u00e3o Kong 10,5mm"},"content":{"rendered":"<p>Mosquet\u00e3o Padr\u00e3o Kong 10,5mm &#8211; <\/p>\n<p>Gancho carabinero em a\u00e7o inoxid\u00e1vel 316 com sistema de engate antideslizante. Evita o emaranhamento de cordas.<\/p>\n","protected":false},"excerpt":{"rendered":"<p>Mosquet\u00e3o Padr\u00e3o Kong 10,5mm &#8211; Gancho carabinero em a\u00e7o inoxid\u00e1vel 316 com sistema de engate antideslizante. Evita o emaranhamento de<\/p>\n","protected":false},"featured_media":5941709,"comment_status":"closed","ping_status":"closed","template":"","meta":[],"product_brand":[3052],"product_cat":[1992],"product_tag":[],"class_list":{"0":"post-3696626","1":"product","2":"type-product","3":"status-publish","4":"has-post-thumbnail","6":"product_brand-kong-pt","7":"product_cat-mosquetoes","9":"first","10":"instock","11":"shipping-taxable","12":"purchasable","13":"product-type-simple"},"_links":{"self":[{"href":"https:\/\/stoic-curie.212-227-153-4.plesk.page\/pt\/wp-json\/wp\/v2\/product\/3696626","targetHints":{"allow":["GET"]}}],"collection":[{"href":"https:\/\/stoic-curie.212-227-153-4.plesk.page\/pt\/wp-json\/wp\/v2\/product"}],"about":[{"href":"https:\/\/stoic-curie.212-227-153-4.plesk.page\/pt\/wp-json\/wp\/v2\/types\/product"}],"replies":[{"embeddable":true,"href":"https:\/\/stoic-curie.212-227-153-4.plesk.page\/pt\/wp-json\/wp\/v2\/comments?post=3696626"}],"version-history":[{"count":0,"href":"https:\/\/stoic-curie.212-227-153-4.plesk.page\/pt\/wp-json\/wp\/v2\/product\/3696626\/revisions"}],"wp:featuredmedia":[{"embeddable":true,"href":"https:\/\/stoic-curie.212-227-153-4.plesk.page\/pt\/wp-json\/wp\/v2\/media\/5941709"}],"wp:attachment":[{"href":"https:\/\/stoic-curie.212-227-153-4.plesk.page\/pt\/wp-json\/wp\/v2\/media?parent=3696626"}],"wp:term":[{"taxonomy":"product_brand","embeddable":true,"href":"https:\/\/stoic-curie.212-227-153-4.plesk.page\/pt\/wp-json\/wp\/v2\/product_brand?post=3696626"},{"taxonomy":"product_cat","embeddable":true,"href":"https:\/\/stoic-curie.212-227-153-4.plesk.page\/pt\/wp-json\/wp\/v2\/product_cat?post=3696626"},{"taxonomy":"product_tag","embeddable":true,"href":"https:\/\/stoic-curie.212-227-153-4.plesk.page\/pt\/wp-json\/wp\/v2\/product_tag?post=3696626"}],"curies":[{"name":"wp","href":"https:\/\/api.w.org\/{rel}","templated":true}]}}