{"id":3696631,"date":"2025-10-13T14:09:35","date_gmt":"2025-10-13T18:09:35","guid":{"rendered":"https:\/\/stoic-curie.212-227-153-4.plesk.page\/product\/dobradica-em-aco-inoxidavel-50x52x3mm\/"},"modified":"2026-02-25T00:27:57","modified_gmt":"2026-02-25T00:27:57","slug":"dobradica-em-aco-inoxidavel-50x52x3mm","status":"publish","type":"product","link":"https:\/\/stoic-curie.212-227-153-4.plesk.page\/pt\/product\/dobradica-em-aco-inoxidavel-50x52x3mm\/","title":{"rendered":"Dobradi\u00e7a em A\u00e7o Inoxid\u00e1vel 50x52x3mm"},"content":{"rendered":"<p>Dobradi\u00e7a em A\u00e7o Inoxid\u00e1vel 50x52x3mm &#8211; <\/p>\n<p>Haste quadrada m\u00e9dia extra forte em a\u00e7o inoxid\u00e1vel Extracrome. Espessura de 3 mm.<\/p>\n","protected":false},"excerpt":{"rendered":"<p>Dobradi\u00e7a em A\u00e7o Inoxid\u00e1vel 50x52x3mm &#8211; Haste quadrada m\u00e9dia extra forte em a\u00e7o inoxid\u00e1vel Extracrome. Espessura de 3 mm.<\/p>\n","protected":false},"featured_media":5941720,"comment_status":"closed","ping_status":"closed","template":"","meta":[],"product_brand":[3122],"product_cat":[1998],"product_tag":[],"class_list":{"0":"post-3696631","1":"product","2":"type-product","3":"status-publish","4":"has-post-thumbnail","6":"product_brand-marinetech-pt","7":"product_cat-dobradicas","9":"first","10":"instock","11":"shipping-taxable","12":"purchasable","13":"product-type-simple"},"_links":{"self":[{"href":"https:\/\/stoic-curie.212-227-153-4.plesk.page\/pt\/wp-json\/wp\/v2\/product\/3696631","targetHints":{"allow":["GET"]}}],"collection":[{"href":"https:\/\/stoic-curie.212-227-153-4.plesk.page\/pt\/wp-json\/wp\/v2\/product"}],"about":[{"href":"https:\/\/stoic-curie.212-227-153-4.plesk.page\/pt\/wp-json\/wp\/v2\/types\/product"}],"replies":[{"embeddable":true,"href":"https:\/\/stoic-curie.212-227-153-4.plesk.page\/pt\/wp-json\/wp\/v2\/comments?post=3696631"}],"version-history":[{"count":0,"href":"https:\/\/stoic-curie.212-227-153-4.plesk.page\/pt\/wp-json\/wp\/v2\/product\/3696631\/revisions"}],"wp:featuredmedia":[{"embeddable":true,"href":"https:\/\/stoic-curie.212-227-153-4.plesk.page\/pt\/wp-json\/wp\/v2\/media\/5941720"}],"wp:attachment":[{"href":"https:\/\/stoic-curie.212-227-153-4.plesk.page\/pt\/wp-json\/wp\/v2\/media?parent=3696631"}],"wp:term":[{"taxonomy":"product_brand","embeddable":true,"href":"https:\/\/stoic-curie.212-227-153-4.plesk.page\/pt\/wp-json\/wp\/v2\/product_brand?post=3696631"},{"taxonomy":"product_cat","embeddable":true,"href":"https:\/\/stoic-curie.212-227-153-4.plesk.page\/pt\/wp-json\/wp\/v2\/product_cat?post=3696631"},{"taxonomy":"product_tag","embeddable":true,"href":"https:\/\/stoic-curie.212-227-153-4.plesk.page\/pt\/wp-json\/wp\/v2\/product_tag?post=3696631"}],"curies":[{"name":"wp","href":"https:\/\/api.w.org\/{rel}","templated":true}]}}