{"id":3696636,"date":"2025-10-13T14:09:36","date_gmt":"2025-10-13T18:09:36","guid":{"rendered":"https:\/\/stoic-curie.212-227-153-4.plesk.page\/product\/defensas-classicas-azuis-majoni-cn-f2a-580x120mm\/"},"modified":"2026-02-25T00:27:57","modified_gmt":"2026-02-25T00:27:57","slug":"defensas-classicas-azuis-majoni-cn-f2a-580x120mm","status":"publish","type":"product","link":"https:\/\/stoic-curie.212-227-153-4.plesk.page\/pt\/product\/defensas-classicas-azuis-majoni-cn-f2a-580x120mm\/","title":{"rendered":"Defensas Cl\u00e1ssicas Azuis Majoni CN-F2A 580x120mm"},"content":{"rendered":"<p>Defensas Cl\u00e1ssicas Azuis Majoni CN-F2A 580x120mm &#8211; <\/p>\n<p>Defensores com dois ilh\u00f3s refor\u00e7ados.<\/p>\n","protected":false},"excerpt":{"rendered":"<p>Defensas Cl\u00e1ssicas Azuis Majoni CN-F2A 580x120mm &#8211; Defensores com dois ilh\u00f3s refor\u00e7ados.<\/p>\n","protected":false},"featured_media":5941754,"comment_status":"closed","ping_status":"closed","template":"","meta":[],"product_brand":[3092],"product_cat":[2135],"product_tag":[],"class_list":{"0":"post-3696636","1":"product","2":"type-product","3":"status-publish","4":"has-post-thumbnail","6":"product_brand-majoni-pt","7":"product_cat-defensas-boias-e-defensas","9":"first","10":"instock","11":"shipping-taxable","12":"purchasable","13":"product-type-simple"},"_links":{"self":[{"href":"https:\/\/stoic-curie.212-227-153-4.plesk.page\/pt\/wp-json\/wp\/v2\/product\/3696636","targetHints":{"allow":["GET"]}}],"collection":[{"href":"https:\/\/stoic-curie.212-227-153-4.plesk.page\/pt\/wp-json\/wp\/v2\/product"}],"about":[{"href":"https:\/\/stoic-curie.212-227-153-4.plesk.page\/pt\/wp-json\/wp\/v2\/types\/product"}],"replies":[{"embeddable":true,"href":"https:\/\/stoic-curie.212-227-153-4.plesk.page\/pt\/wp-json\/wp\/v2\/comments?post=3696636"}],"version-history":[{"count":0,"href":"https:\/\/stoic-curie.212-227-153-4.plesk.page\/pt\/wp-json\/wp\/v2\/product\/3696636\/revisions"}],"wp:featuredmedia":[{"embeddable":true,"href":"https:\/\/stoic-curie.212-227-153-4.plesk.page\/pt\/wp-json\/wp\/v2\/media\/5941754"}],"wp:attachment":[{"href":"https:\/\/stoic-curie.212-227-153-4.plesk.page\/pt\/wp-json\/wp\/v2\/media?parent=3696636"}],"wp:term":[{"taxonomy":"product_brand","embeddable":true,"href":"https:\/\/stoic-curie.212-227-153-4.plesk.page\/pt\/wp-json\/wp\/v2\/product_brand?post=3696636"},{"taxonomy":"product_cat","embeddable":true,"href":"https:\/\/stoic-curie.212-227-153-4.plesk.page\/pt\/wp-json\/wp\/v2\/product_cat?post=3696636"},{"taxonomy":"product_tag","embeddable":true,"href":"https:\/\/stoic-curie.212-227-153-4.plesk.page\/pt\/wp-json\/wp\/v2\/product_tag?post=3696636"}],"curies":[{"name":"wp","href":"https:\/\/api.w.org\/{rel}","templated":true}]}}