{"id":3696639,"date":"2025-10-13T14:09:37","date_gmt":"2025-10-13T18:09:37","guid":{"rendered":"https:\/\/stoic-curie.212-227-153-4.plesk.page\/product\/kit-de-limpeza-para-churrasqueira-e-grelha-star-brite\/"},"modified":"2026-02-25T00:27:57","modified_gmt":"2026-02-25T00:27:57","slug":"kit-de-limpeza-para-churrasqueira-e-grelha-star-brite","status":"publish","type":"product","link":"https:\/\/stoic-curie.212-227-153-4.plesk.page\/pt\/product\/kit-de-limpeza-para-churrasqueira-e-grelha-star-brite\/","title":{"rendered":"Kit de Limpeza para Churrasqueira e Grelha Star Brite"},"content":{"rendered":"<p>Kit de Limpeza para Churrasqueira e Grelha Star Brite &#8211; <\/p>\n<p>Conjunto completo de limpeza para grelhadores e churrasqueiras com detergente, polidor de a\u00e7o inoxid\u00e1vel, escova com cerdas de lat\u00e3o, pano de polimento e luvas de prote\u00e7\u00e3o.<\/p>\n","protected":false},"excerpt":{"rendered":"<p>Kit de Limpeza para Churrasqueira e Grelha Star Brite &#8211; Conjunto completo de limpeza para grelhadores e churrasqueiras com detergente,<\/p>\n","protected":false},"featured_media":5941761,"comment_status":"closed","ping_status":"closed","template":"","meta":[],"product_brand":[3437],"product_cat":[1915],"product_tag":[],"class_list":{"0":"post-3696639","1":"product","2":"type-product","3":"status-publish","4":"has-post-thumbnail","6":"product_brand-starbrite-pt","7":"product_cat-produtos-de-limpeza","9":"first","10":"instock","11":"shipping-taxable","12":"purchasable","13":"product-type-simple"},"_links":{"self":[{"href":"https:\/\/stoic-curie.212-227-153-4.plesk.page\/pt\/wp-json\/wp\/v2\/product\/3696639","targetHints":{"allow":["GET"]}}],"collection":[{"href":"https:\/\/stoic-curie.212-227-153-4.plesk.page\/pt\/wp-json\/wp\/v2\/product"}],"about":[{"href":"https:\/\/stoic-curie.212-227-153-4.plesk.page\/pt\/wp-json\/wp\/v2\/types\/product"}],"replies":[{"embeddable":true,"href":"https:\/\/stoic-curie.212-227-153-4.plesk.page\/pt\/wp-json\/wp\/v2\/comments?post=3696639"}],"version-history":[{"count":0,"href":"https:\/\/stoic-curie.212-227-153-4.plesk.page\/pt\/wp-json\/wp\/v2\/product\/3696639\/revisions"}],"wp:featuredmedia":[{"embeddable":true,"href":"https:\/\/stoic-curie.212-227-153-4.plesk.page\/pt\/wp-json\/wp\/v2\/media\/5941761"}],"wp:attachment":[{"href":"https:\/\/stoic-curie.212-227-153-4.plesk.page\/pt\/wp-json\/wp\/v2\/media?parent=3696639"}],"wp:term":[{"taxonomy":"product_brand","embeddable":true,"href":"https:\/\/stoic-curie.212-227-153-4.plesk.page\/pt\/wp-json\/wp\/v2\/product_brand?post=3696639"},{"taxonomy":"product_cat","embeddable":true,"href":"https:\/\/stoic-curie.212-227-153-4.plesk.page\/pt\/wp-json\/wp\/v2\/product_cat?post=3696639"},{"taxonomy":"product_tag","embeddable":true,"href":"https:\/\/stoic-curie.212-227-153-4.plesk.page\/pt\/wp-json\/wp\/v2\/product_tag?post=3696639"}],"curies":[{"name":"wp","href":"https:\/\/api.w.org\/{rel}","templated":true}]}}