{"id":3696642,"date":"2025-10-13T14:09:38","date_gmt":"2025-10-13T18:09:38","guid":{"rendered":"https:\/\/stoic-curie.212-227-153-4.plesk.page\/product\/star-brite-teak-sealer-tropical-natural-500-ml\/"},"modified":"2026-02-25T00:27:57","modified_gmt":"2026-02-25T00:27:57","slug":"star-brite-teak-sealer-tropical-natural-500-ml","status":"publish","type":"product","link":"https:\/\/stoic-curie.212-227-153-4.plesk.page\/pt\/product\/star-brite-teak-sealer-tropical-natural-500-ml\/","title":{"rendered":"Star Brite Teak Sealer Tropical Natural 500 ml"},"content":{"rendered":"<p>Star Brite Teak Sealer Tropical Natural 500 ml &#8211; <\/p>\n<p>\u2022 \u00d3leo de teca tropical de cor natural<br \/>\u2022 Selante que dura mais do que qualquer outro \u00f3leo ou selante de teca<br \/>\u2022 F\u00f3rmula sem gotejamento, sem respingos<br \/>\u2022 Protege contra raios ultravioletas<br \/>\u2022 Dur\u00e1vel, penetra profundamente para uma prote\u00e7\u00e3o completa<br \/>\u2022 Apenas uma camada necess\u00e1ria<\/p>\n","protected":false},"excerpt":{"rendered":"<p>Star Brite Teak Sealer Tropical Natural 500 ml &#8211; \u2022 \u00d3leo de teca tropical de cor natural\u2022 Selante que dura<\/p>\n","protected":false},"featured_media":5941769,"comment_status":"closed","ping_status":"closed","template":"","meta":[],"product_brand":[3437],"product_cat":[1912],"product_tag":[],"class_list":{"0":"post-3696642","1":"product","2":"type-product","3":"status-publish","4":"has-post-thumbnail","6":"product_brand-starbrite-pt","7":"product_cat-verniz-e-oleo-para-teca","9":"first","10":"instock","11":"shipping-taxable","12":"purchasable","13":"product-type-simple"},"_links":{"self":[{"href":"https:\/\/stoic-curie.212-227-153-4.plesk.page\/pt\/wp-json\/wp\/v2\/product\/3696642","targetHints":{"allow":["GET"]}}],"collection":[{"href":"https:\/\/stoic-curie.212-227-153-4.plesk.page\/pt\/wp-json\/wp\/v2\/product"}],"about":[{"href":"https:\/\/stoic-curie.212-227-153-4.plesk.page\/pt\/wp-json\/wp\/v2\/types\/product"}],"replies":[{"embeddable":true,"href":"https:\/\/stoic-curie.212-227-153-4.plesk.page\/pt\/wp-json\/wp\/v2\/comments?post=3696642"}],"version-history":[{"count":0,"href":"https:\/\/stoic-curie.212-227-153-4.plesk.page\/pt\/wp-json\/wp\/v2\/product\/3696642\/revisions"}],"wp:featuredmedia":[{"embeddable":true,"href":"https:\/\/stoic-curie.212-227-153-4.plesk.page\/pt\/wp-json\/wp\/v2\/media\/5941769"}],"wp:attachment":[{"href":"https:\/\/stoic-curie.212-227-153-4.plesk.page\/pt\/wp-json\/wp\/v2\/media?parent=3696642"}],"wp:term":[{"taxonomy":"product_brand","embeddable":true,"href":"https:\/\/stoic-curie.212-227-153-4.plesk.page\/pt\/wp-json\/wp\/v2\/product_brand?post=3696642"},{"taxonomy":"product_cat","embeddable":true,"href":"https:\/\/stoic-curie.212-227-153-4.plesk.page\/pt\/wp-json\/wp\/v2\/product_cat?post=3696642"},{"taxonomy":"product_tag","embeddable":true,"href":"https:\/\/stoic-curie.212-227-153-4.plesk.page\/pt\/wp-json\/wp\/v2\/product_tag?post=3696642"}],"curies":[{"name":"wp","href":"https:\/\/api.w.org\/{rel}","templated":true}]}}