{"id":3696643,"date":"2025-10-13T14:09:39","date_gmt":"2025-10-13T18:09:39","guid":{"rendered":"https:\/\/stoic-curie.212-227-153-4.plesk.page\/product\/esponja-magica-star-brite-scuff-eraser\/"},"modified":"2026-02-25T00:27:57","modified_gmt":"2026-02-25T00:27:57","slug":"esponja-magica-star-brite-scuff-eraser","status":"publish","type":"product","link":"https:\/\/stoic-curie.212-227-153-4.plesk.page\/pt\/product\/esponja-magica-star-brite-scuff-eraser\/","title":{"rendered":"Esponja M\u00e1gica Star Brite Scuff Eraser"},"content":{"rendered":"<p>Esponja M\u00e1gica Star Brite Scuff Eraser &#8211; <\/p>\n<p>Esponja com elementos abrasivos nano que permite apagar manchas, listras e riscos de superf\u00edcies de vinil e fibra de vidro, de conv\u00e9s e laterais de barcos. Macia, n\u00e3o danifica a superf\u00edcie e n\u00e3o necessita de produtos qu\u00edmicos para agir.<\/p>\n","protected":false},"excerpt":{"rendered":"<p>Esponja M\u00e1gica Star Brite Scuff Eraser &#8211; Esponja com elementos abrasivos nano que permite apagar manchas, listras e riscos de<\/p>\n","protected":false},"featured_media":5941773,"comment_status":"closed","ping_status":"closed","template":"","meta":[],"product_brand":[3437],"product_cat":[1918,1920],"product_tag":[],"class_list":{"0":"post-3696643","1":"product","2":"type-product","3":"status-publish","4":"has-post-thumbnail","6":"product_brand-starbrite-pt","7":"product_cat-acessorios-para-limpeza","8":"product_cat-escovas-e-esponjas","10":"first","11":"instock","12":"shipping-taxable","13":"purchasable","14":"product-type-simple"},"_links":{"self":[{"href":"https:\/\/stoic-curie.212-227-153-4.plesk.page\/pt\/wp-json\/wp\/v2\/product\/3696643","targetHints":{"allow":["GET"]}}],"collection":[{"href":"https:\/\/stoic-curie.212-227-153-4.plesk.page\/pt\/wp-json\/wp\/v2\/product"}],"about":[{"href":"https:\/\/stoic-curie.212-227-153-4.plesk.page\/pt\/wp-json\/wp\/v2\/types\/product"}],"replies":[{"embeddable":true,"href":"https:\/\/stoic-curie.212-227-153-4.plesk.page\/pt\/wp-json\/wp\/v2\/comments?post=3696643"}],"version-history":[{"count":0,"href":"https:\/\/stoic-curie.212-227-153-4.plesk.page\/pt\/wp-json\/wp\/v2\/product\/3696643\/revisions"}],"wp:featuredmedia":[{"embeddable":true,"href":"https:\/\/stoic-curie.212-227-153-4.plesk.page\/pt\/wp-json\/wp\/v2\/media\/5941773"}],"wp:attachment":[{"href":"https:\/\/stoic-curie.212-227-153-4.plesk.page\/pt\/wp-json\/wp\/v2\/media?parent=3696643"}],"wp:term":[{"taxonomy":"product_brand","embeddable":true,"href":"https:\/\/stoic-curie.212-227-153-4.plesk.page\/pt\/wp-json\/wp\/v2\/product_brand?post=3696643"},{"taxonomy":"product_cat","embeddable":true,"href":"https:\/\/stoic-curie.212-227-153-4.plesk.page\/pt\/wp-json\/wp\/v2\/product_cat?post=3696643"},{"taxonomy":"product_tag","embeddable":true,"href":"https:\/\/stoic-curie.212-227-153-4.plesk.page\/pt\/wp-json\/wp\/v2\/product_tag?post=3696643"}],"curies":[{"name":"wp","href":"https:\/\/api.w.org\/{rel}","templated":true}]}}