{"id":3696644,"date":"2025-10-13T14:09:39","date_gmt":"2025-10-13T18:09:39","guid":{"rendered":"https:\/\/stoic-curie.212-227-153-4.plesk.page\/product\/escotilhas-de-plastico-branco-can-marine-270-x-373-mm\/"},"modified":"2026-02-25T00:27:57","modified_gmt":"2026-02-25T00:27:57","slug":"escotilhas-de-plastico-branco-can-marine-270-x-373-mm","status":"publish","type":"product","link":"https:\/\/stoic-curie.212-227-153-4.plesk.page\/pt\/product\/escotilhas-de-plastico-branco-can-marine-270-x-373-mm\/","title":{"rendered":"Escotilhas de Pl\u00e1stico Branco Can Marine 270 x 373 mm"},"content":{"rendered":"<p>Escotilhas de Pl\u00e1stico Branco Can Marine 270 x 373 mm &#8211; <\/p>\n<p>Escotilha de acesso \u00e0 prova de \u00e1gua e walkable em ABS ASA resistente a UV com abertura de 180\u00b0. Escotilha com sistema de abertura dupla: cl\u00e1ssico e extra\u00edvel. O sistema extra\u00edvel permite abrir a escotilha em espa\u00e7os apertados. Montagem no conv\u00e9s ou na parede divis\u00f3ria.<\/p>\n","protected":false},"excerpt":{"rendered":"<p>Escotilhas de Pl\u00e1stico Branco Can Marine 270 x 373 mm &#8211; Escotilha de acesso \u00e0 prova de \u00e1gua e walkable<\/p>\n","protected":false},"featured_media":5941775,"comment_status":"closed","ping_status":"closed","template":"","meta":[],"product_brand":[2857],"product_cat":[1982],"product_tag":[],"class_list":{"0":"post-3696644","1":"product","2":"type-product","3":"status-publish","4":"has-post-thumbnail","6":"product_brand-can-marine-pt","7":"product_cat-escotilhas-plasticas","9":"first","10":"instock","11":"shipping-taxable","12":"purchasable","13":"product-type-simple"},"_links":{"self":[{"href":"https:\/\/stoic-curie.212-227-153-4.plesk.page\/pt\/wp-json\/wp\/v2\/product\/3696644","targetHints":{"allow":["GET"]}}],"collection":[{"href":"https:\/\/stoic-curie.212-227-153-4.plesk.page\/pt\/wp-json\/wp\/v2\/product"}],"about":[{"href":"https:\/\/stoic-curie.212-227-153-4.plesk.page\/pt\/wp-json\/wp\/v2\/types\/product"}],"replies":[{"embeddable":true,"href":"https:\/\/stoic-curie.212-227-153-4.plesk.page\/pt\/wp-json\/wp\/v2\/comments?post=3696644"}],"version-history":[{"count":0,"href":"https:\/\/stoic-curie.212-227-153-4.plesk.page\/pt\/wp-json\/wp\/v2\/product\/3696644\/revisions"}],"wp:featuredmedia":[{"embeddable":true,"href":"https:\/\/stoic-curie.212-227-153-4.plesk.page\/pt\/wp-json\/wp\/v2\/media\/5941775"}],"wp:attachment":[{"href":"https:\/\/stoic-curie.212-227-153-4.plesk.page\/pt\/wp-json\/wp\/v2\/media?parent=3696644"}],"wp:term":[{"taxonomy":"product_brand","embeddable":true,"href":"https:\/\/stoic-curie.212-227-153-4.plesk.page\/pt\/wp-json\/wp\/v2\/product_brand?post=3696644"},{"taxonomy":"product_cat","embeddable":true,"href":"https:\/\/stoic-curie.212-227-153-4.plesk.page\/pt\/wp-json\/wp\/v2\/product_cat?post=3696644"},{"taxonomy":"product_tag","embeddable":true,"href":"https:\/\/stoic-curie.212-227-153-4.plesk.page\/pt\/wp-json\/wp\/v2\/product_tag?post=3696644"}],"curies":[{"name":"wp","href":"https:\/\/api.w.org\/{rel}","templated":true}]}}