{"id":3696646,"date":"2025-10-13T14:09:40","date_gmt":"2025-10-13T18:09:40","guid":{"rendered":"https:\/\/stoic-curie.212-227-153-4.plesk.page\/product\/renovador-em-aco-inoxidavel-inoxtone-1lt\/"},"modified":"2026-02-25T00:27:57","modified_gmt":"2026-02-25T00:27:57","slug":"renovador-em-aco-inoxidavel-inoxtone-1lt","status":"publish","type":"product","link":"https:\/\/stoic-curie.212-227-153-4.plesk.page\/pt\/product\/renovador-em-aco-inoxidavel-inoxtone-1lt\/","title":{"rendered":"Renovador em A\u00e7o Inoxid\u00e1vel Inoxtone 1lt"},"content":{"rendered":"<p>Renovador em A\u00e7o Inoxid\u00e1vel Inoxtone 1lt &#8211; Descri\u00e7\u00e3o: Materiais de alta qualidade, dur\u00e1veis e elegantes.<\/p>\n","protected":false},"excerpt":{"rendered":"<p>Renovador em A\u00e7o Inoxid\u00e1vel Inoxtone 1lt &#8211; Descri\u00e7\u00e3o: Materiais de alta qualidade, dur\u00e1veis e elegantes.<\/p>\n","protected":false},"featured_media":5941803,"comment_status":"closed","ping_status":"closed","template":"","meta":[],"product_brand":[3237],"product_cat":[1915],"product_tag":[],"class_list":{"0":"post-3696646","1":"product","2":"type-product","3":"status-publish","4":"has-post-thumbnail","6":"product_brand-osculati-pt","7":"product_cat-produtos-de-limpeza","9":"first","10":"instock","11":"shipping-taxable","12":"purchasable","13":"product-type-simple"},"_links":{"self":[{"href":"https:\/\/stoic-curie.212-227-153-4.plesk.page\/pt\/wp-json\/wp\/v2\/product\/3696646","targetHints":{"allow":["GET"]}}],"collection":[{"href":"https:\/\/stoic-curie.212-227-153-4.plesk.page\/pt\/wp-json\/wp\/v2\/product"}],"about":[{"href":"https:\/\/stoic-curie.212-227-153-4.plesk.page\/pt\/wp-json\/wp\/v2\/types\/product"}],"replies":[{"embeddable":true,"href":"https:\/\/stoic-curie.212-227-153-4.plesk.page\/pt\/wp-json\/wp\/v2\/comments?post=3696646"}],"version-history":[{"count":0,"href":"https:\/\/stoic-curie.212-227-153-4.plesk.page\/pt\/wp-json\/wp\/v2\/product\/3696646\/revisions"}],"wp:featuredmedia":[{"embeddable":true,"href":"https:\/\/stoic-curie.212-227-153-4.plesk.page\/pt\/wp-json\/wp\/v2\/media\/5941803"}],"wp:attachment":[{"href":"https:\/\/stoic-curie.212-227-153-4.plesk.page\/pt\/wp-json\/wp\/v2\/media?parent=3696646"}],"wp:term":[{"taxonomy":"product_brand","embeddable":true,"href":"https:\/\/stoic-curie.212-227-153-4.plesk.page\/pt\/wp-json\/wp\/v2\/product_brand?post=3696646"},{"taxonomy":"product_cat","embeddable":true,"href":"https:\/\/stoic-curie.212-227-153-4.plesk.page\/pt\/wp-json\/wp\/v2\/product_cat?post=3696646"},{"taxonomy":"product_tag","embeddable":true,"href":"https:\/\/stoic-curie.212-227-153-4.plesk.page\/pt\/wp-json\/wp\/v2\/product_tag?post=3696646"}],"curies":[{"name":"wp","href":"https:\/\/api.w.org\/{rel}","templated":true}]}}