{"id":3696649,"date":"2025-10-13T14:09:41","date_gmt":"2025-10-13T18:09:41","guid":{"rendered":"https:\/\/stoic-curie.212-227-153-4.plesk.page\/product\/limpeza-de-porao-iosso-1lt\/"},"modified":"2026-02-25T00:27:57","modified_gmt":"2026-02-25T00:27:57","slug":"limpeza-de-porao-iosso-1lt","status":"publish","type":"product","link":"https:\/\/stoic-curie.212-227-153-4.plesk.page\/pt\/product\/limpeza-de-porao-iosso-1lt\/","title":{"rendered":"Limpeza de Por\u00e3o Iosso 1lt"},"content":{"rendered":"<p>Limpeza de Por\u00e3o Iosso 1lt &#8211; <\/p>\n<p>Limpeza de por\u00e3o de a\u00e7\u00e3o por emuls\u00e3o profissional que tamb\u00e9m atua em \u00e1gua salgada. Formulado para atacar e dissolver a sujeira nos por\u00f5es, especialmente potente contra gorduras e res\u00edduos oleosos.<\/p>\n","protected":false},"excerpt":{"rendered":"<p>Limpeza de Por\u00e3o Iosso 1lt &#8211; Limpeza de por\u00e3o de a\u00e7\u00e3o por emuls\u00e3o profissional que tamb\u00e9m atua em \u00e1gua salgada.<\/p>\n","protected":false},"featured_media":5941813,"comment_status":"closed","ping_status":"closed","template":"","meta":[],"product_brand":[3022],"product_cat":[1915],"product_tag":[],"class_list":{"0":"post-3696649","1":"product","2":"type-product","3":"status-publish","4":"has-post-thumbnail","6":"product_brand-iosso-pt","7":"product_cat-produtos-de-limpeza","9":"first","10":"instock","11":"shipping-taxable","12":"purchasable","13":"product-type-simple"},"_links":{"self":[{"href":"https:\/\/stoic-curie.212-227-153-4.plesk.page\/pt\/wp-json\/wp\/v2\/product\/3696649","targetHints":{"allow":["GET"]}}],"collection":[{"href":"https:\/\/stoic-curie.212-227-153-4.plesk.page\/pt\/wp-json\/wp\/v2\/product"}],"about":[{"href":"https:\/\/stoic-curie.212-227-153-4.plesk.page\/pt\/wp-json\/wp\/v2\/types\/product"}],"replies":[{"embeddable":true,"href":"https:\/\/stoic-curie.212-227-153-4.plesk.page\/pt\/wp-json\/wp\/v2\/comments?post=3696649"}],"version-history":[{"count":0,"href":"https:\/\/stoic-curie.212-227-153-4.plesk.page\/pt\/wp-json\/wp\/v2\/product\/3696649\/revisions"}],"wp:featuredmedia":[{"embeddable":true,"href":"https:\/\/stoic-curie.212-227-153-4.plesk.page\/pt\/wp-json\/wp\/v2\/media\/5941813"}],"wp:attachment":[{"href":"https:\/\/stoic-curie.212-227-153-4.plesk.page\/pt\/wp-json\/wp\/v2\/media?parent=3696649"}],"wp:term":[{"taxonomy":"product_brand","embeddable":true,"href":"https:\/\/stoic-curie.212-227-153-4.plesk.page\/pt\/wp-json\/wp\/v2\/product_brand?post=3696649"},{"taxonomy":"product_cat","embeddable":true,"href":"https:\/\/stoic-curie.212-227-153-4.plesk.page\/pt\/wp-json\/wp\/v2\/product_cat?post=3696649"},{"taxonomy":"product_tag","embeddable":true,"href":"https:\/\/stoic-curie.212-227-153-4.plesk.page\/pt\/wp-json\/wp\/v2\/product_tag?post=3696649"}],"curies":[{"name":"wp","href":"https:\/\/api.w.org\/{rel}","templated":true}]}}