{"id":3696652,"date":"2025-10-13T14:09:41","date_gmt":"2025-10-13T18:09:41","guid":{"rendered":"https:\/\/stoic-curie.212-227-153-4.plesk.page\/product\/bomba-de-porao-attwood-tsunami-mk2-t500-12v\/"},"modified":"2026-02-25T00:27:57","modified_gmt":"2026-02-25T00:27:57","slug":"bomba-de-porao-attwood-tsunami-mk2-t500-12v","status":"publish","type":"product","link":"https:\/\/stoic-curie.212-227-153-4.plesk.page\/pt\/product\/bomba-de-porao-attwood-tsunami-mk2-t500-12v\/","title":{"rendered":"Bomba de Por\u00e3o Attwood Tsunami MK2 T500 12v"},"content":{"rendered":"<p>Bomba de Por\u00e3o Attwood Tsunami MK2 T500 12v &#8211; <\/p>\n<p>Bomba de por\u00e3o submers\u00edvel Attwood Tsunami MK2 com base e cabe\u00e7a remov\u00edveis para f\u00e1cil limpeza. Motor selado protegido contra danos por eletr\u00f3lise com impulsor X-Air que previne o funcionamento a seco e a entrada de ar no tubo de escape.<\/p>\n<p> Portas roscadas de 1&#8243;3\/8 (35 mm) devem ser completadas com conex\u00f5es ajust\u00e1veis retas ou em \u00e2ngulo, completas com v\u00e1lvula de reten\u00e7\u00e3o.<\/p>\n","protected":false},"excerpt":{"rendered":"<p>Bomba de Por\u00e3o Attwood Tsunami MK2 T500 12v &#8211; Bomba de por\u00e3o submers\u00edvel Attwood Tsunami MK2 com base e cabe\u00e7a<\/p>\n","protected":false},"featured_media":5941822,"comment_status":"closed","ping_status":"closed","template":"","meta":[],"product_brand":[2807],"product_cat":[1946],"product_tag":[],"class_list":{"0":"post-3696652","1":"product","2":"type-product","3":"status-publish","4":"has-post-thumbnail","6":"product_brand-attwood-pt","7":"product_cat-bombas-eletricas-de-fundo","9":"first","10":"instock","11":"shipping-taxable","12":"purchasable","13":"product-type-simple"},"_links":{"self":[{"href":"https:\/\/stoic-curie.212-227-153-4.plesk.page\/pt\/wp-json\/wp\/v2\/product\/3696652","targetHints":{"allow":["GET"]}}],"collection":[{"href":"https:\/\/stoic-curie.212-227-153-4.plesk.page\/pt\/wp-json\/wp\/v2\/product"}],"about":[{"href":"https:\/\/stoic-curie.212-227-153-4.plesk.page\/pt\/wp-json\/wp\/v2\/types\/product"}],"replies":[{"embeddable":true,"href":"https:\/\/stoic-curie.212-227-153-4.plesk.page\/pt\/wp-json\/wp\/v2\/comments?post=3696652"}],"version-history":[{"count":0,"href":"https:\/\/stoic-curie.212-227-153-4.plesk.page\/pt\/wp-json\/wp\/v2\/product\/3696652\/revisions"}],"wp:featuredmedia":[{"embeddable":true,"href":"https:\/\/stoic-curie.212-227-153-4.plesk.page\/pt\/wp-json\/wp\/v2\/media\/5941822"}],"wp:attachment":[{"href":"https:\/\/stoic-curie.212-227-153-4.plesk.page\/pt\/wp-json\/wp\/v2\/media?parent=3696652"}],"wp:term":[{"taxonomy":"product_brand","embeddable":true,"href":"https:\/\/stoic-curie.212-227-153-4.plesk.page\/pt\/wp-json\/wp\/v2\/product_brand?post=3696652"},{"taxonomy":"product_cat","embeddable":true,"href":"https:\/\/stoic-curie.212-227-153-4.plesk.page\/pt\/wp-json\/wp\/v2\/product_cat?post=3696652"},{"taxonomy":"product_tag","embeddable":true,"href":"https:\/\/stoic-curie.212-227-153-4.plesk.page\/pt\/wp-json\/wp\/v2\/product_tag?post=3696652"}],"curies":[{"name":"wp","href":"https:\/\/api.w.org\/{rel}","templated":true}]}}