{"id":3696653,"date":"2025-10-13T14:09:41","date_gmt":"2025-10-13T18:09:41","guid":{"rendered":"https:\/\/stoic-curie.212-227-153-4.plesk.page\/product\/interruptor-eletronico-de-porao-attwood-s3-12v-15a\/"},"modified":"2026-02-25T00:27:57","modified_gmt":"2026-02-25T00:27:57","slug":"interruptor-eletronico-de-porao-attwood-s3-12v-15a","status":"publish","type":"product","link":"https:\/\/stoic-curie.212-227-153-4.plesk.page\/pt\/product\/interruptor-eletronico-de-porao-attwood-s3-12v-15a\/","title":{"rendered":"Interruptor Eletr\u00f3nico de Por\u00e3o Attwood S3 12v 15A"},"content":{"rendered":"<p>Interruptor Eletr\u00f3nico de Por\u00e3o Attwood S3 12v 15A &#8211; <\/p>\n<p>Interruptor eletr\u00f4nico que detecta qualquer tipo de l\u00edquido na por\u00e3o. N\u00e3o exp\u00f5e a bomba ao ciclo cont\u00ednuo, pois identifica arranques falsos devido a respingos de \u00e1gua ou sujeira. Vida \u00fatil excepcional com 5 ANOS DE GARANTIA, pois \u00e9 fabricado sem pe\u00e7as mec\u00e2nicas em movimento.<\/p>\n","protected":false},"excerpt":{"rendered":"<p>Interruptor Eletr\u00f3nico de Por\u00e3o Attwood S3 12v 15A &#8211; Interruptor eletr\u00f4nico que detecta qualquer tipo de l\u00edquido na por\u00e3o. N\u00e3o<\/p>\n","protected":false},"featured_media":5941829,"comment_status":"closed","ping_status":"closed","template":"","meta":[],"product_brand":[2807],"product_cat":[1946],"product_tag":[],"class_list":{"0":"post-3696653","1":"product","2":"type-product","3":"status-publish","4":"has-post-thumbnail","6":"product_brand-attwood-pt","7":"product_cat-bombas-eletricas-de-fundo","9":"first","10":"instock","11":"shipping-taxable","12":"purchasable","13":"product-type-simple"},"_links":{"self":[{"href":"https:\/\/stoic-curie.212-227-153-4.plesk.page\/pt\/wp-json\/wp\/v2\/product\/3696653","targetHints":{"allow":["GET"]}}],"collection":[{"href":"https:\/\/stoic-curie.212-227-153-4.plesk.page\/pt\/wp-json\/wp\/v2\/product"}],"about":[{"href":"https:\/\/stoic-curie.212-227-153-4.plesk.page\/pt\/wp-json\/wp\/v2\/types\/product"}],"replies":[{"embeddable":true,"href":"https:\/\/stoic-curie.212-227-153-4.plesk.page\/pt\/wp-json\/wp\/v2\/comments?post=3696653"}],"version-history":[{"count":0,"href":"https:\/\/stoic-curie.212-227-153-4.plesk.page\/pt\/wp-json\/wp\/v2\/product\/3696653\/revisions"}],"wp:featuredmedia":[{"embeddable":true,"href":"https:\/\/stoic-curie.212-227-153-4.plesk.page\/pt\/wp-json\/wp\/v2\/media\/5941829"}],"wp:attachment":[{"href":"https:\/\/stoic-curie.212-227-153-4.plesk.page\/pt\/wp-json\/wp\/v2\/media?parent=3696653"}],"wp:term":[{"taxonomy":"product_brand","embeddable":true,"href":"https:\/\/stoic-curie.212-227-153-4.plesk.page\/pt\/wp-json\/wp\/v2\/product_brand?post=3696653"},{"taxonomy":"product_cat","embeddable":true,"href":"https:\/\/stoic-curie.212-227-153-4.plesk.page\/pt\/wp-json\/wp\/v2\/product_cat?post=3696653"},{"taxonomy":"product_tag","embeddable":true,"href":"https:\/\/stoic-curie.212-227-153-4.plesk.page\/pt\/wp-json\/wp\/v2\/product_tag?post=3696653"}],"curies":[{"name":"wp","href":"https:\/\/api.w.org\/{rel}","templated":true}]}}