{"id":3696658,"date":"2025-10-13T14:09:42","date_gmt":"2025-10-13T18:09:42","guid":{"rendered":"https:\/\/stoic-curie.212-227-153-4.plesk.page\/product\/par-de-luzes-de-navegacao-em-aco-inoxidavel-led-197-x-57mm\/"},"modified":"2026-02-25T00:27:57","modified_gmt":"2026-02-25T00:27:57","slug":"par-de-luzes-de-navegacao-em-aco-inoxidavel-led-197-x-57mm","status":"publish","type":"product","link":"https:\/\/stoic-curie.212-227-153-4.plesk.page\/pt\/product\/par-de-luzes-de-navegacao-em-aco-inoxidavel-led-197-x-57mm\/","title":{"rendered":"Par de Luzes de Navega\u00e7\u00e3o em A\u00e7o Inoxid\u00e1vel LED 197 x 57mm"},"content":{"rendered":"<p>Par de Luzes de Navega\u00e7\u00e3o em A\u00e7o Inoxid\u00e1vel LED 197 x 57mm &#8211; <\/p>\n<p>Lanterna de navega\u00e7\u00e3o em a\u00e7o inoxid\u00e1vel 12V para proa, vendida em pares.<\/p>\n","protected":false},"excerpt":{"rendered":"<p>Par de Luzes de Navega\u00e7\u00e3o em A\u00e7o Inoxid\u00e1vel LED 197 x 57mm &#8211; Lanterna de navega\u00e7\u00e3o em a\u00e7o inoxid\u00e1vel 12V<\/p>\n","protected":false},"featured_media":5941835,"comment_status":"closed","ping_status":"closed","template":"","meta":[],"product_brand":[3237],"product_cat":[2023],"product_tag":[],"class_list":{"0":"post-3696658","1":"product","2":"type-product","3":"status-publish","4":"has-post-thumbnail","6":"product_brand-osculati-pt","7":"product_cat-luzes-de-navegacao-led","9":"first","10":"instock","11":"shipping-taxable","12":"purchasable","13":"product-type-simple"},"_links":{"self":[{"href":"https:\/\/stoic-curie.212-227-153-4.plesk.page\/pt\/wp-json\/wp\/v2\/product\/3696658","targetHints":{"allow":["GET"]}}],"collection":[{"href":"https:\/\/stoic-curie.212-227-153-4.plesk.page\/pt\/wp-json\/wp\/v2\/product"}],"about":[{"href":"https:\/\/stoic-curie.212-227-153-4.plesk.page\/pt\/wp-json\/wp\/v2\/types\/product"}],"replies":[{"embeddable":true,"href":"https:\/\/stoic-curie.212-227-153-4.plesk.page\/pt\/wp-json\/wp\/v2\/comments?post=3696658"}],"version-history":[{"count":0,"href":"https:\/\/stoic-curie.212-227-153-4.plesk.page\/pt\/wp-json\/wp\/v2\/product\/3696658\/revisions"}],"wp:featuredmedia":[{"embeddable":true,"href":"https:\/\/stoic-curie.212-227-153-4.plesk.page\/pt\/wp-json\/wp\/v2\/media\/5941835"}],"wp:attachment":[{"href":"https:\/\/stoic-curie.212-227-153-4.plesk.page\/pt\/wp-json\/wp\/v2\/media?parent=3696658"}],"wp:term":[{"taxonomy":"product_brand","embeddable":true,"href":"https:\/\/stoic-curie.212-227-153-4.plesk.page\/pt\/wp-json\/wp\/v2\/product_brand?post=3696658"},{"taxonomy":"product_cat","embeddable":true,"href":"https:\/\/stoic-curie.212-227-153-4.plesk.page\/pt\/wp-json\/wp\/v2\/product_cat?post=3696658"},{"taxonomy":"product_tag","embeddable":true,"href":"https:\/\/stoic-curie.212-227-153-4.plesk.page\/pt\/wp-json\/wp\/v2\/product_tag?post=3696658"}],"curies":[{"name":"wp","href":"https:\/\/api.w.org\/{rel}","templated":true}]}}