{"id":3696659,"date":"2025-10-13T14:09:42","date_gmt":"2025-10-13T18:09:42","guid":{"rendered":"https:\/\/stoic-curie.212-227-153-4.plesk.page\/product\/painel-de-controlo-automatico-para-bombas-de-porao-12v\/"},"modified":"2026-02-25T00:27:57","modified_gmt":"2026-02-25T00:27:57","slug":"painel-de-controlo-automatico-para-bombas-de-porao-12v","status":"publish","type":"product","link":"https:\/\/stoic-curie.212-227-153-4.plesk.page\/pt\/product\/painel-de-controlo-automatico-para-bombas-de-porao-12v\/","title":{"rendered":"Painel de Controlo Autom\u00e1tico para Bombas de Por\u00e3o 12v"},"content":{"rendered":"<p>Painel de Controlo Autom\u00e1tico para Bombas de Por\u00e3o 12v &#8211; <\/p>\n<p>Interruptor retroiluminado 12V painel de controle com 3 posi\u00e7\u00f5es: Autom\u00e1tico &#8211; Desligado &#8211; Manual com dispositivo &#8216;Fail-safe&#8217; (retorno autom\u00e1tico para desligado a partir da posi\u00e7\u00e3o manual). Completo com fus\u00edvel.<\/p>\n","protected":false},"excerpt":{"rendered":"<p>Painel de Controlo Autom\u00e1tico para Bombas de Por\u00e3o 12v &#8211; Interruptor retroiluminado 12V painel de controle com 3 posi\u00e7\u00f5es: Autom\u00e1tico<\/p>\n","protected":false},"featured_media":5941838,"comment_status":"closed","ping_status":"closed","template":"","meta":[],"product_brand":[3237],"product_cat":[1946],"product_tag":[],"class_list":{"0":"post-3696659","1":"product","2":"type-product","3":"status-publish","4":"has-post-thumbnail","6":"product_brand-osculati-pt","7":"product_cat-bombas-eletricas-de-fundo","9":"first","10":"instock","11":"shipping-taxable","12":"purchasable","13":"product-type-simple"},"_links":{"self":[{"href":"https:\/\/stoic-curie.212-227-153-4.plesk.page\/pt\/wp-json\/wp\/v2\/product\/3696659","targetHints":{"allow":["GET"]}}],"collection":[{"href":"https:\/\/stoic-curie.212-227-153-4.plesk.page\/pt\/wp-json\/wp\/v2\/product"}],"about":[{"href":"https:\/\/stoic-curie.212-227-153-4.plesk.page\/pt\/wp-json\/wp\/v2\/types\/product"}],"replies":[{"embeddable":true,"href":"https:\/\/stoic-curie.212-227-153-4.plesk.page\/pt\/wp-json\/wp\/v2\/comments?post=3696659"}],"version-history":[{"count":0,"href":"https:\/\/stoic-curie.212-227-153-4.plesk.page\/pt\/wp-json\/wp\/v2\/product\/3696659\/revisions"}],"wp:featuredmedia":[{"embeddable":true,"href":"https:\/\/stoic-curie.212-227-153-4.plesk.page\/pt\/wp-json\/wp\/v2\/media\/5941838"}],"wp:attachment":[{"href":"https:\/\/stoic-curie.212-227-153-4.plesk.page\/pt\/wp-json\/wp\/v2\/media?parent=3696659"}],"wp:term":[{"taxonomy":"product_brand","embeddable":true,"href":"https:\/\/stoic-curie.212-227-153-4.plesk.page\/pt\/wp-json\/wp\/v2\/product_brand?post=3696659"},{"taxonomy":"product_cat","embeddable":true,"href":"https:\/\/stoic-curie.212-227-153-4.plesk.page\/pt\/wp-json\/wp\/v2\/product_cat?post=3696659"},{"taxonomy":"product_tag","embeddable":true,"href":"https:\/\/stoic-curie.212-227-153-4.plesk.page\/pt\/wp-json\/wp\/v2\/product_tag?post=3696659"}],"curies":[{"name":"wp","href":"https:\/\/api.w.org\/{rel}","templated":true}]}}