{"id":3696665,"date":"2025-10-13T14:09:43","date_gmt":"2025-10-13T18:09:43","guid":{"rendered":"https:\/\/stoic-curie.212-227-153-4.plesk.page\/product\/filtro-sobresselente-para-griffin-ggf35\/"},"modified":"2026-02-25T00:27:57","modified_gmt":"2026-02-25T00:27:57","slug":"filtro-sobresselente-para-griffin-ggf35","status":"publish","type":"product","link":"https:\/\/stoic-curie.212-227-153-4.plesk.page\/pt\/product\/filtro-sobresselente-para-griffin-ggf35\/","title":{"rendered":"Filtro Sobresselente para Griffin GGF35"},"content":{"rendered":"<p>Filtro Sobresselente para Griffin GGF35 &#8211; <\/p>\n<p>Elemento do filtro de 10 microns para filtros de gasolina de motores de popa e de dentro. Tecnologia MICROBLOC (99,8% de efic\u00e1cia na separa\u00e7\u00e3o de \u00e1gua da gasolina). Qualidade como pe\u00e7as genu\u00ednas, pode substituir o elemento filtrante Racor &#8211; Mercury\/Mercruiser &#8211; Volvo Penta &#8211; Yamaha.<\/p>\n","protected":false},"excerpt":{"rendered":"<p>Filtro Sobresselente para Griffin GGF35 &#8211; Elemento do filtro de 10 microns para filtros de gasolina de motores de popa<\/p>\n","protected":false},"featured_media":5941847,"comment_status":"closed","ping_status":"closed","template":"","meta":[],"product_brand":[2987],"product_cat":[2084],"product_tag":[],"class_list":{"0":"post-3696665","1":"product","2":"type-product","3":"status-publish","4":"has-post-thumbnail","6":"product_brand-griffin-pt","7":"product_cat-filtros-separadaores-de-agua-e-combustivel","9":"first","10":"instock","11":"shipping-taxable","12":"purchasable","13":"product-type-simple"},"_links":{"self":[{"href":"https:\/\/stoic-curie.212-227-153-4.plesk.page\/pt\/wp-json\/wp\/v2\/product\/3696665","targetHints":{"allow":["GET"]}}],"collection":[{"href":"https:\/\/stoic-curie.212-227-153-4.plesk.page\/pt\/wp-json\/wp\/v2\/product"}],"about":[{"href":"https:\/\/stoic-curie.212-227-153-4.plesk.page\/pt\/wp-json\/wp\/v2\/types\/product"}],"replies":[{"embeddable":true,"href":"https:\/\/stoic-curie.212-227-153-4.plesk.page\/pt\/wp-json\/wp\/v2\/comments?post=3696665"}],"version-history":[{"count":0,"href":"https:\/\/stoic-curie.212-227-153-4.plesk.page\/pt\/wp-json\/wp\/v2\/product\/3696665\/revisions"}],"wp:featuredmedia":[{"embeddable":true,"href":"https:\/\/stoic-curie.212-227-153-4.plesk.page\/pt\/wp-json\/wp\/v2\/media\/5941847"}],"wp:attachment":[{"href":"https:\/\/stoic-curie.212-227-153-4.plesk.page\/pt\/wp-json\/wp\/v2\/media?parent=3696665"}],"wp:term":[{"taxonomy":"product_brand","embeddable":true,"href":"https:\/\/stoic-curie.212-227-153-4.plesk.page\/pt\/wp-json\/wp\/v2\/product_brand?post=3696665"},{"taxonomy":"product_cat","embeddable":true,"href":"https:\/\/stoic-curie.212-227-153-4.plesk.page\/pt\/wp-json\/wp\/v2\/product_cat?post=3696665"},{"taxonomy":"product_tag","embeddable":true,"href":"https:\/\/stoic-curie.212-227-153-4.plesk.page\/pt\/wp-json\/wp\/v2\/product_tag?post=3696665"}],"curies":[{"name":"wp","href":"https:\/\/api.w.org\/{rel}","templated":true}]}}