{"id":3696669,"date":"2025-10-13T14:09:44","date_gmt":"2025-10-13T18:09:44","guid":{"rendered":"https:\/\/stoic-curie.212-227-153-4.plesk.page\/product\/limpa-e-encera-de-qualidade-star-brite-500-ml\/"},"modified":"2026-02-25T00:27:57","modified_gmt":"2026-02-25T00:27:57","slug":"limpa-e-encera-de-qualidade-star-brite-500-ml","status":"publish","type":"product","link":"https:\/\/stoic-curie.212-227-153-4.plesk.page\/pt\/product\/limpa-e-encera-de-qualidade-star-brite-500-ml\/","title":{"rendered":"Limpa e Encera de Qualidade Star Brite 500 ml"},"content":{"rendered":"<p>Limpa e Encera de Qualidade Star Brite 500 ml &#8211; <\/p>\n<p>\u2022 Limpa, brilha e protege em uma etapa<br \/>\u2022 R\u00e1pido e f\u00e1cil de usar<br \/>\u2022 Remove oxida\u00e7\u00e3o e calc\u00e1rio, deixando uma camada dur\u00e1vel de pol\u00edmeros PTEF\u00ae<br \/>\u2022 Especialmente formulado para fibra de vidro, metais e superf\u00edcies pintadas<br \/>\u2022 Inibidores UV ajudam a prevenir desbotamento e oxida\u00e7\u00e3o<\/p>\n","protected":false},"excerpt":{"rendered":"<p>Limpa e Encera de Qualidade Star Brite 500 ml &#8211; \u2022 Limpa, brilha e protege em uma etapa\u2022 R\u00e1pido e<\/p>\n","protected":false},"featured_media":5941126,"comment_status":"closed","ping_status":"closed","template":"","meta":[],"product_brand":[3437],"product_cat":[1915],"product_tag":[],"class_list":{"0":"post-3696669","1":"product","2":"type-product","3":"status-publish","4":"has-post-thumbnail","6":"product_brand-starbrite-pt","7":"product_cat-produtos-de-limpeza","9":"first","10":"instock","11":"shipping-taxable","12":"purchasable","13":"product-type-simple"},"_links":{"self":[{"href":"https:\/\/stoic-curie.212-227-153-4.plesk.page\/pt\/wp-json\/wp\/v2\/product\/3696669","targetHints":{"allow":["GET"]}}],"collection":[{"href":"https:\/\/stoic-curie.212-227-153-4.plesk.page\/pt\/wp-json\/wp\/v2\/product"}],"about":[{"href":"https:\/\/stoic-curie.212-227-153-4.plesk.page\/pt\/wp-json\/wp\/v2\/types\/product"}],"replies":[{"embeddable":true,"href":"https:\/\/stoic-curie.212-227-153-4.plesk.page\/pt\/wp-json\/wp\/v2\/comments?post=3696669"}],"version-history":[{"count":0,"href":"https:\/\/stoic-curie.212-227-153-4.plesk.page\/pt\/wp-json\/wp\/v2\/product\/3696669\/revisions"}],"wp:featuredmedia":[{"embeddable":true,"href":"https:\/\/stoic-curie.212-227-153-4.plesk.page\/pt\/wp-json\/wp\/v2\/media\/5941126"}],"wp:attachment":[{"href":"https:\/\/stoic-curie.212-227-153-4.plesk.page\/pt\/wp-json\/wp\/v2\/media?parent=3696669"}],"wp:term":[{"taxonomy":"product_brand","embeddable":true,"href":"https:\/\/stoic-curie.212-227-153-4.plesk.page\/pt\/wp-json\/wp\/v2\/product_brand?post=3696669"},{"taxonomy":"product_cat","embeddable":true,"href":"https:\/\/stoic-curie.212-227-153-4.plesk.page\/pt\/wp-json\/wp\/v2\/product_cat?post=3696669"},{"taxonomy":"product_tag","embeddable":true,"href":"https:\/\/stoic-curie.212-227-153-4.plesk.page\/pt\/wp-json\/wp\/v2\/product_tag?post=3696669"}],"curies":[{"name":"wp","href":"https:\/\/api.w.org\/{rel}","templated":true}]}}